{"id":408,"date":"2016-01-07T09:31:53","date_gmt":"2016-01-07T07:31:53","guid":{"rendered":"http:\/\/consulting.stylemixthemes.com\/demo\/?page_id=408"},"modified":"2018-11-17T12:32:58","modified_gmt":"2018-11-17T09:32:58","slug":"kariyer","status":"publish","type":"page","link":"https:\/\/www.termatect.com\/en\/insan-kaynaklari\/kariyer\/","title":{"rendered":"Kariyer"},"content":{"rendered":"<div class=\"vc_row wpb_row vc_row-fluid\"><div class=\"wpb_column vc_column_container vc_col-sm-12\"><div class=\"vc_column-inner\"><div class=\"wpb_wrapper\"><div class=\"vc_empty_space\"   style=\"height: 32px\"><span class=\"vc_empty_space_inner\"><\/span><\/div><\/div><\/div><\/div><\/div><div class=\"vc_row wpb_row vc_row-fluid vc_custom_1459506339266\"><div class=\"wpb_column vc_column_container vc_col-sm-9\"><div class=\"vc_column-inner\"><div class=\"wpb_wrapper\">\n\t<div class=\"wpb_text_column wpb_content_element  vc_custom_1542447011770\" >\n\t\t<div class=\"wpb_wrapper\">\n\t\t\t<p><strong>Purpose of the Policy:<\/strong> To create an innovative, open to change, social responsibility and environmental conscious employee profile that believes in teamwork, fulfills its responsibilities in the desired quality and on time, complies with all ethical rules while reaching its goals.<\/p>\n\n\t\t<\/div>\n\t<\/div>\n<div class=\"vc_tta-container\" data-vc-action=\"collapse\"><div class=\"vc_general vc_tta vc_tta-accordion vc_tta-color-grey vc_tta-style-classic vc_tta-shape-square vc_tta-o-shape-group vc_tta-controls-align-left vc_custom_1453467174989\"><div class=\"vc_tta-panels-container\"><div class=\"vc_tta-panels\"><div class=\"vc_tta-panel vc_active\" id=\"1452160548343-003e17f2-760d\" data-vc-content=\".vc_tta-panel-body\"><div class=\"vc_tta-panel-heading\"><h4 class=\"vc_tta-panel-title vc_tta-controls-icon-position-right\"><a href=\"#1452160548343-003e17f2-760d\" data-vc-accordion data-vc-container=\".vc_tta-container\"><span class=\"vc_tta-title-text\">Our Policy<\/span><i class=\"vc_tta-controls-icon vc_tta-controls-icon-plus\"><\/i><\/a><\/h4><\/div><div class=\"vc_tta-panel-body\">\n\t<div class=\"wpb_text_column wpb_content_element\" >\n\t\t<div class=\"wpb_wrapper\">\n\t\t\t<p>\u2013 \u015eirketimizin insan kayna\u011f\u0131 se\u00e7imini, geli\u015fimi y\u00fcksek, i\u015fe uygun yetkinli\u011fe sahip, \u015firket de\u011ferlerini benimseyip ya\u015fatacaklar aras\u0131ndan yapmak,<br \/>\n\u2013 \u00c7al\u0131\u015fanlar\u0131m\u0131z\u0131n, s\u00fcrekli geli\u015fimini sa\u011flayarak \u015firket hedeflerine katk\u0131lar\u0131n\u0131, y\u00fcr\u00fctmekte olduklar\u0131 g\u00f6revlerde ba\u015far\u0131lar\u0131n\u0131 ve verimlerini art\u0131r\u0131c\u0131 e\u011fitim f\u0131rsatlar\u0131 ve imkanlar\u0131 yaratmak,<br \/>\n\u2013 \u00c7al\u0131\u015fanlar\u0131m\u0131z\u0131n i\u015fteki ba\u015far\u0131lar\u0131n\u0131 ve \u00e7al\u0131\u015fma performanslar\u0131n\u0131 de\u011ferlendirmek ve te\u015fvik etmek,<br \/>\n\u2013 \u00c7al\u0131\u015fanlar\u0131m\u0131z\u0131n motivasyon, tatminini \u00f6l\u00e7mek ve s\u00fcrekli iyile\u015ftirmek ad\u0131na \u00c7al\u0131\u015fan Memnuniyet Anketleri (\u00c7MA) yapmak,<br \/>\n\u2013 \u00c7al\u0131\u015fanlar\u0131m\u0131za profesyonel bir i\u015f ortam\u0131 ve kariyer geli\u015ftirme f\u0131rsatlar\u0131 yaratmak,<br \/>\n\u2013 Performans y\u00f6netim sistemiyle belirlenen e\u011fitim ile desteklenen \u00e7al\u0131\u015fanlar\u0131m\u0131z\u0131n performans\u0131n\u0131 en \u00fcst d\u00fczeyde tutmak,<br \/>\n\u2013 \u00c7al\u0131\u015fanlar\u0131m\u0131z\u0131 ekip \u00e7al\u0131\u015fmalar\u0131na te\u015fvik etmek ve uygun ortamlar yaratmak,<br \/>\n\u2013 \u00c7al\u0131\u015fanlar\u0131m\u0131z\u0131n yarat\u0131c\u0131 ve yenilik\u00e7i fikirleri sunmalar\u0131n\u0131 sa\u011flamakt\u0131r.<\/p>\n\n\t\t<\/div>\n\t<\/div>\n<\/div><\/div><div class=\"vc_tta-panel\" id=\"1452160738660-5468e659-6776\" data-vc-content=\".vc_tta-panel-body\"><div class=\"vc_tta-panel-heading\"><h4 class=\"vc_tta-panel-title vc_tta-controls-icon-position-right\"><a href=\"#1452160738660-5468e659-6776\" data-vc-accordion data-vc-container=\".vc_tta-container\"><span class=\"vc_tta-title-text\">Our Internship Opportunities<\/span><i class=\"vc_tta-controls-icon vc_tta-controls-icon-plus\"><\/i><\/a><\/h4><\/div><div class=\"vc_tta-panel-body\">\n\t<div class=\"wpb_text_column wpb_content_element\" >\n\t\t<div class=\"wpb_wrapper\">\n\t\t\t<div class=\"vc_tta-panel-body\">\n<div class=\"wpb_text_column wpb_content_element\">\n<div class=\"wpb_wrapper\">\n<p>Students who want to do internship in our company can make their applications by filling out our Internship Application Form. Our Human Resources Department chooses among the applications according to the number of students requested according to the internship start periods and their occupational groups, the qualifications to be sought in the students (knowledge, skills, foreign language, computer experience) and the quotas they have determined in accordance with the content of the project-based studies.<\/p>\n<p>Since these applications exceed the available quotas, it is a priority that the student is in the final year and has to do internship.<\/p>\n<\/div>\n<\/div>\n<\/div>\n\n\t\t<\/div>\n\t<\/div>\n<\/div><\/div><div class=\"vc_tta-panel\" id=\"1452160747001-6a933eea-21de\" data-vc-content=\".vc_tta-panel-body\"><div class=\"vc_tta-panel-heading\"><h4 class=\"vc_tta-panel-title vc_tta-controls-icon-position-right\"><a href=\"#1452160747001-6a933eea-21de\" data-vc-accordion data-vc-container=\".vc_tta-container\"><span class=\"vc_tta-title-text\">Our Recruitment Process<\/span><i class=\"vc_tta-controls-icon vc_tta-controls-icon-plus\"><\/i><\/a><\/h4><\/div><div class=\"vc_tta-panel-body\">\n\t<div class=\"wpb_text_column wpb_content_element\" >\n\t\t<div class=\"wpb_wrapper\">\n\t\t\t<p><strong>The purpose of our Human Resources Recruitment process;<\/strong><\/p>\n<p>It is to bring in our people who are in accordance with our Human Resources Policy, have the necessary behavioral and professional knowledge, skills, innovative, open to team work and continuous improvement, for open positions in our organizational structure.<\/p>\n<p><strong>Our Competency Based Recruitment and Placement System<\/strong><\/p>\n<p>Terma Yap\u0131 Kimyasallar\u0131 Ltd. \u015eti. olarak bizi gelece\u011fe ta\u015f\u0131yacak potansiyeli olan adaylar\u0131 se\u00e7mek i\u00e7in \u201cYetkinlik Bazl\u0131 \u0130\u015fe Alma ve Yerle\u015ftirme\u201d s\u00fcreci i\u015fletilmektedir.<br \/>\nCompetence-based interview is made with the candidate by the Human Resources department.<br \/>\nTechnical Interviews; The suitability of the position to the job description and technical expectations is evaluated by the relevant department manager at the end of the interview.<br \/>\nPersonality inventory and English exams can be applied for candidates who are evaluated positively after the interviews.<br \/>\nAfter the reference checks of the candidates who are successful in the stages, a job offer is made.<\/p>\n\n\t\t<\/div>\n\t<\/div>\n<\/div><\/div><\/div><\/div><\/div><\/div><div class=\"vc_custom_heading no_stripe vc_custom_1542446783332 text_align_left\" ><h4 style=\"color: #222222;text-align: left\" >Open Positions<\/h4><\/div>\n    <div class=\"vacancy_table_wr style_1\">\n\n        \n            <table class=\"vacancy_table\" id=\"vacancy_table_545956492\">\n                <thead>\n                <tr>\n                    <th>Job Posting Title<\/th>\n                    <th class=\"location\">Location<\/th>\n                    <th>Department<\/th>\n                    <th>Date<\/th>\n                <\/tr>\n                <\/thead>\n                <tbody>\n\n                                    <tr>\n                        <td><a href=\"https:\/\/www.termatect.com\/en\/careers_archive\/genel-basvuru\/\">Genel Ba\u015fvuru<\/a><\/td>\n                        <td class=\"location\">Adana, Turkey<\/td>\n                        <td>Construction Chemicals<\/td>\n                        <td>17 November 2018<\/td>\n                    <\/tr>\n                \n                <\/tbody>\n            <\/table>\n\n        \n        <script type=\"text\/javascript\">\n            jQuery(document).ready(function ($) {\n                $(\"#vacancy_table_545956492\").tablesorter();\n            });\n        <\/script>\n    <\/div>\n<\/div><\/div><\/div><div class=\"wpb_column vc_column_container vc_col-sm-3\"><div class=\"vc_column-inner\"><div class=\"wpb_wrapper\">\n<div class=\"stm_sidebar\">\n\t<style type=\"text\/css\" scoped>\n\t\t.vc_custom_1451998133493{margin-bottom: 30px !important;}.vc_custom_1452056597103{margin-right: 0px !important;margin-bottom: 30px !important;margin-left: 0px !important;}.vc_custom_1452056633692{padding-top: 37px !important;padding-right: 30px !important;padding-bottom: 40px !important;padding-left: 30px !important;}.vc_custom_1542441801336{margin-bottom: 9px !important;}.vc_custom_1538479738853{margin-bottom: 17px !important;}\t<\/style>\n\t<div class=\"vc_row wpb_row vc_row-fluid vc_custom_1451998133493\"><div class=\"wpb_column vc_column_container vc_col-sm-12\"><div class=\"vc_column-inner\"><div class=\"wpb_wrapper\"><div class=\"vc_wp_custommenu wpb_content_element mb-30\"><div class=\"widget widget_nav_menu\"><div class=\"menu-kurumsal-container\"><ul id=\"menu-kurumsal\" class=\"menu\"><li id=\"menu-item-3448\" class=\"menu-item menu-item-type-post_type menu-item-object-page menu-item-3448\"><a href=\"https:\/\/www.termatect.com\/en\/hakkimizda\/\">About us<\/a><\/li>\n<li id=\"menu-item-3455\" class=\"menu-item menu-item-type-post_type menu-item-object-page menu-item-3455\"><a href=\"https:\/\/www.termatect.com\/en\/misyonumuz-vizyonumuz\/\">Our Mission &amp; Vision<\/a><\/li>\n<li id=\"menu-item-3454\" class=\"menu-item menu-item-type-post_type menu-item-object-page menu-item-3454\"><a href=\"https:\/\/www.termatect.com\/en\/politikamiz\/\">Our Policy<\/a><\/li>\n<li id=\"menu-item-3453\" class=\"menu-item menu-item-type-post_type menu-item-object-page menu-item-3453\"><a href=\"https:\/\/www.termatect.com\/en\/tesisimiz\/\">Our facility<\/a><\/li>\n<li id=\"menu-item-3452\" class=\"menu-item menu-item-type-post_type menu-item-object-page menu-item-3452\"><a href=\"https:\/\/www.termatect.com\/en\/insan-kaynaklari\/\">Human Resources<\/a><\/li>\n<li id=\"menu-item-3451\" class=\"menu-item menu-item-type-post_type menu-item-object-page menu-item-3451\"><a href=\"https:\/\/www.termatect.com\/en\/ar-ge-kalite-kontrol\/\">R &amp; D &amp; Quality Control<\/a><\/li>\n<li id=\"menu-item-3450\" class=\"menu-item menu-item-type-post_type menu-item-object-page menu-item-3450\"><a href=\"https:\/\/www.termatect.com\/en\/musteri-memnuniyeti\/\">Customer Happiness<\/a><\/li>\n<li id=\"menu-item-3449\" class=\"menu-item menu-item-type-post_type menu-item-object-page menu-item-3449\"><a href=\"https:\/\/www.termatect.com\/en\/kisisel-verilerin-korunmasi\/\">Protection of Personal Data<\/a><\/li>\n<\/ul><\/div><\/div><\/div><div class=\"vc_btn3-container vc_btn3-left\" ><a class=\"vc_general vc_btn3 vc_btn3-size-lg vc_btn3-shape-rounded vc_btn3-style-flat vc_btn3-block vc_btn3-icon-left vc_btn3-color-theme_style_1\" href=\"http:\/\/www.termatect.com\/wp-content\/uploads\/2019\/01\/termatectgenelkatalog2019.pdf\" title=\"\" target=\"_blank\"><i class=\"vc_btn3-icon fas fa-file-pdf\"><\/i> 2020 Termatect Catalog<\/a><\/div><\/div><\/div><\/div><\/div><div class=\"vc_row wpb_row vc_row-fluid third_bg_color vc_custom_1452056597103\"><div class=\"wpb_column vc_column_container vc_col-sm-12\"><div class=\"vc_column-inner vc_custom_1452056633692\"><div class=\"wpb_wrapper\"><div class=\"vc_custom_heading vc_custom_1542441801336 text_align_left\" ><div style=\"font-size: 16px;color: #ffffff;text-align: left;font-family:Poppins;font-weight:600;font-style:normal\" >Contact...<\/div><\/div>\n\t<div class=\"wpb_text_column wpb_content_element  vc_custom_1538479738853\" >\n\t\t<div class=\"wpb_wrapper\">\n\t\t\t<p><span style=\"font-size: 13px; line-height: 22px; color: #222222;\"><span style=\"color: #ffffff;\">For more information about our company, you can contact us.<\/span><br \/>\n<\/span><\/p>\n\n\t\t<\/div>\n\t<\/div>\n<div class=\"vc_btn3-container vc_btn3-inline\" ><a class=\"vc_general vc_btn3 vc_btn3-size-sm vc_btn3-shape-rounded vc_btn3-style-flat vc_btn3-icon-left vc_btn3-color-white\" href=\"http:\/\/www.termatect.com\/index.php\/iletisim\/\" title=\"\" target=\"_blank\"><i class=\"vc_btn3-icon fa fa-phone-square\"><\/i> Contact<\/a><\/div><\/div><\/div><\/div><\/div><div class=\"vc_row wpb_row vc_row-fluid\"><div class=\"wpb_column vc_column_container vc_col-sm-12\"><div class=\"vc_column-inner\"><div class=\"wpb_wrapper\">\n\n\t\t\t<div class=\"stm_testimonials cols_1 style_1\">\n\t\t\t\t\t\t\t<div class=\"item\">\n\t\t\t\t\t<div class=\"testimonial\"><p>\u201c We will continue to seek superior quality and superior service with the power we receive from you. \u201d<\/p>\n<\/div>\n\t\t\t\t\t<div class=\"testimonial-info clearfix\">\n\t\t\t\t\t\t<div class=\"testimonial-image\"><img loading=\"lazy\" decoding=\"async\" width=\"50\" height=\"50\" src=\"https:\/\/i0.wp.com\/www.termatect.com\/wp-content\/uploads\/2018\/11\/%C4%B0con.png?resize=50%2C50&amp;ssl=1\" class=\"attachment-consulting-image-50x50-croped size-consulting-image-50x50-croped wp-post-image\" alt=\"\" \/><\/div>\n\t\t\t\t\t\t<div class=\"testimonial-text\">\n\t\t\t\t\t\t\t<div class=\"name\">Terma Construction Chemicals<\/div>\n\t\t\t\t\t\t\t<div class=\"company\">\n\t\t\t\t\t\t\t\tSan. Tic. Ltd. \u015eti.\t\t\t\t\t\t\t<\/div>\n\t\t\t\t\t\t<\/div>\n\t\t\t\t\t<\/div>\n\t\t\t\t<\/div>\n\t\t\t\t\t<\/div>\n\t\n<\/div><\/div><\/div><\/div>\n<\/div><\/div><\/div><\/div><\/div><div data-vc-full-width=\"true\" data-vc-full-width-init=\"false\" class=\"vc_row wpb_row vc_row-fluid third_bg_color vc_custom_1459505959648\"><div class=\"wpb_column vc_column_container vc_col-sm-12\"><div class=\"vc_column-inner\"><div class=\"wpb_wrapper\">\n\n<section class=\"vc_cta3-container\" >\n    <div class=\"vc_general vc_cta3 third_bg_color vc_cta3-style-flat vc_cta3-shape-square vc_cta3-align-left vc_cta3-color-classic vc_cta3-icon-size-md vc_cta3-actions-right vc_custom_1542446922134\">\n                        <div class=\"vc_cta3_content-container\">\n                                    <div class=\"vc_cta3-content\">\n                <header class=\"vc_cta3-content-header\">\n                    <div class=\"vc_custom_heading\" ><h2 style=\"font-size: 20px;color: #ffffff;line-height: 24px\" >Would You Like To Know Our Company Closer?<\/h2><\/div>                                    <\/header>\n                            <\/div>\n                        <div class=\"vc_cta3-actions\"><div class=\"vc_btn3-container vc_btn3-right\" ><a class=\"vc_general vc_btn3 vc_btn3-size-md vc_btn3-shape-rounded vc_btn3-style-flat vc_btn3-icon-right vc_btn3-color-theme_style_2\" href=\"http:\/\/www.termatect.com\/index.php\/hakkimizda\/\" title=\"\" target=\"_blank\">Click Here <i class=\"vc_btn3-icon fa fa-chevron-right\"><\/i><\/a><\/div><\/div>        <\/div>\n                    <\/div>\n<\/section>\n\n<\/div><\/div><\/div><\/div><div class=\"vc_row-full-width vc_clearfix\"><\/div>","protected":false},"excerpt":{"rendered":"","protected":false},"author":1,"featured_media":0,"parent":3390,"menu_order":0,"comment_status":"closed","ping_status":"closed","template":"","meta":{"_monsterinsights_skip_tracking":false,"_monsterinsights_sitenote_active":false,"_monsterinsights_sitenote_note":"","_monsterinsights_sitenote_category":0,"advanced_seo_description":"","jetpack_seo_html_title":"","jetpack_seo_noindex":false,"footnotes":""},"class_list":["post-408","page","type-page","status-publish","hentry"],"jetpack_sharing_enabled":true,"_links":{"self":[{"href":"https:\/\/www.termatect.com\/en\/wp-json\/wp\/v2\/pages\/408","targetHints":{"allow":["GET"]}}],"collection":[{"href":"https:\/\/www.termatect.com\/en\/wp-json\/wp\/v2\/pages"}],"about":[{"href":"https:\/\/www.termatect.com\/en\/wp-json\/wp\/v2\/types\/page"}],"author":[{"embeddable":true,"href":"https:\/\/www.termatect.com\/en\/wp-json\/wp\/v2\/users\/1"}],"replies":[{"embeddable":true,"href":"https:\/\/www.termatect.com\/en\/wp-json\/wp\/v2\/comments?post=408"}],"version-history":[{"count":9,"href":"https:\/\/www.termatect.com\/en\/wp-json\/wp\/v2\/pages\/408\/revisions"}],"predecessor-version":[{"id":3965,"href":"https:\/\/www.termatect.com\/en\/wp-json\/wp\/v2\/pages\/408\/revisions\/3965"}],"up":[{"embeddable":true,"href":"https:\/\/www.termatect.com\/en\/wp-json\/wp\/v2\/pages\/3390"}],"wp:attachment":[{"href":"https:\/\/www.termatect.com\/en\/wp-json\/wp\/v2\/media?parent=408"}],"curies":[{"name":"wp","href":"https:\/\/api.w.org\/{rel}","templated":true}]}}