{"id":3387,"date":"2018-11-14T11:12:01","date_gmt":"2018-11-14T08:12:01","guid":{"rendered":"http:\/\/www.termatect.com\/?page_id=3387"},"modified":"2018-11-17T11:00:12","modified_gmt":"2018-11-17T08:00:12","slug":"tesisimiz","status":"publish","type":"page","link":"https:\/\/www.termatect.com\/en\/tesisimiz\/","title":{"rendered":"Our facility"},"content":{"rendered":"<div class=\"vc_row wpb_row vc_row-fluid vc_custom_1459505865030\"><div class=\"wpb_column vc_column_container vc_col-sm-9\"><div class=\"vc_column-inner\"><div class=\"wpb_wrapper\"><div class=\"vc_empty_space\"   style=\"height: 32px\"><span class=\"vc_empty_space_inner\"><\/span><\/div>\n\t<div  class=\"wpb_single_image wpb_content_element vc_align_left  vc_custom_1542183113115\">\n\t\t\n\t\t<figure class=\"wpb_wrapper vc_figure\">\n\t\t\t<div class=\"vc_single_image-wrapper   vc_box_border_grey\"><img loading=\"lazy\" decoding=\"async\" class=\"vc_single_image-img\" src=\"https:\/\/i0.wp.com\/www.termatect.com\/wp-content\/uploads\/2018\/11\/Tesisimiz.jpg?fit=820%2C350&amp;ssl=1\" width=\"820\" height=\"350\" alt=\"Tesisimiz\" title=\"Our facility\" \/><\/div>\n\t\t<\/figure>\n\t<\/div>\n\n\t<div class=\"wpb_text_column wpb_content_element  vc_custom_1532090357514\" >\n\t\t<div class=\"wpb_wrapper\">\n\t\t\t<h2><span style=\"font-size: 18pt;\">Our Adana Factory<br \/>\n<\/span><\/h2>\n<p style=\"text-align: justify;\">G\u00dcLER SERAM\u0130K LTD.\u015eT\u0130., Which has been operating in Hatay since 1988 and continuing to move forward with its stance in the construction sector and its references as a source of power, continues its production in the construction chemicals sector that started in 2009 under the name TERMA YAPI K\u0130MYASALLARI in Adana as of 2013. . Our factory, which has a total open area of 12.000 m\u00b2 and a closed area of 5200 m\u00b2 and has a daily capacity of 180 tons, continues all the construction, industrial and insulation group productions with its professional staff without sacrificing quality. By expanding its staff of technical staff and applying the generally accepted quality policies meticulously, our company has adopted the principle of customer satisfaction in sales and production by following the scientific and technological innovations in a systematic form and increasing its product range.<\/p>\n\n\t\t<\/div>\n\t<\/div>\n<\/div><\/div><\/div><div class=\"wpb_column vc_column_container vc_col-sm-3\"><div class=\"vc_column-inner\"><div class=\"wpb_wrapper\"><div class=\"vc_empty_space\"   style=\"height: 32px\"><span class=\"vc_empty_space_inner\"><\/span><\/div>\n<div class=\"stm_sidebar\">\n\t<style type=\"text\/css\" scoped>\n\t\t.vc_custom_1451998133493{margin-bottom: 30px !important;}.vc_custom_1452056597103{margin-right: 0px !important;margin-bottom: 30px !important;margin-left: 0px !important;}.vc_custom_1452056633692{padding-top: 37px !important;padding-right: 30px !important;padding-bottom: 40px !important;padding-left: 30px !important;}.vc_custom_1542441801336{margin-bottom: 9px !important;}.vc_custom_1538479738853{margin-bottom: 17px !important;}\t<\/style>\n\t<div class=\"vc_row wpb_row vc_row-fluid vc_custom_1451998133493\"><div class=\"wpb_column vc_column_container vc_col-sm-12\"><div class=\"vc_column-inner\"><div class=\"wpb_wrapper\"><div class=\"vc_wp_custommenu wpb_content_element mb-30\"><div class=\"widget widget_nav_menu\"><div class=\"menu-kurumsal-container\"><ul id=\"menu-kurumsal\" class=\"menu\"><li id=\"menu-item-3448\" class=\"menu-item menu-item-type-post_type menu-item-object-page menu-item-3448\"><a href=\"https:\/\/www.termatect.com\/en\/hakkimizda\/\">About us<\/a><\/li>\n<li id=\"menu-item-3455\" class=\"menu-item menu-item-type-post_type menu-item-object-page menu-item-3455\"><a href=\"https:\/\/www.termatect.com\/en\/misyonumuz-vizyonumuz\/\">Our Mission &amp; Vision<\/a><\/li>\n<li id=\"menu-item-3454\" class=\"menu-item menu-item-type-post_type menu-item-object-page menu-item-3454\"><a href=\"https:\/\/www.termatect.com\/en\/politikamiz\/\">Our Policy<\/a><\/li>\n<li id=\"menu-item-3453\" class=\"menu-item menu-item-type-post_type menu-item-object-page menu-item-3453\"><a href=\"https:\/\/www.termatect.com\/en\/tesisimiz\/\">Our facility<\/a><\/li>\n<li id=\"menu-item-3452\" class=\"menu-item menu-item-type-post_type menu-item-object-page menu-item-3452\"><a href=\"https:\/\/www.termatect.com\/en\/insan-kaynaklari\/\">Human Resources<\/a><\/li>\n<li id=\"menu-item-3451\" class=\"menu-item menu-item-type-post_type menu-item-object-page menu-item-3451\"><a href=\"https:\/\/www.termatect.com\/en\/ar-ge-kalite-kontrol\/\">R &amp; D &amp; Quality Control<\/a><\/li>\n<li id=\"menu-item-3450\" class=\"menu-item menu-item-type-post_type menu-item-object-page menu-item-3450\"><a href=\"https:\/\/www.termatect.com\/en\/musteri-memnuniyeti\/\">Customer Happiness<\/a><\/li>\n<li id=\"menu-item-3449\" class=\"menu-item menu-item-type-post_type menu-item-object-page menu-item-3449\"><a href=\"https:\/\/www.termatect.com\/en\/kisisel-verilerin-korunmasi\/\">Protection of Personal Data<\/a><\/li>\n<\/ul><\/div><\/div><\/div><div class=\"vc_btn3-container vc_btn3-left\" ><a class=\"vc_general vc_btn3 vc_btn3-size-lg vc_btn3-shape-rounded vc_btn3-style-flat vc_btn3-block vc_btn3-icon-left vc_btn3-color-theme_style_1\" href=\"http:\/\/www.termatect.com\/wp-content\/uploads\/2019\/01\/termatectgenelkatalog2019.pdf\" title=\"\" target=\"_blank\"><i class=\"vc_btn3-icon fas fa-file-pdf\"><\/i> 2020 Termatect Catalog<\/a><\/div><\/div><\/div><\/div><\/div><div class=\"vc_row wpb_row vc_row-fluid third_bg_color vc_custom_1452056597103\"><div class=\"wpb_column vc_column_container vc_col-sm-12\"><div class=\"vc_column-inner vc_custom_1452056633692\"><div class=\"wpb_wrapper\"><div class=\"vc_custom_heading vc_custom_1542441801336 text_align_left\" ><div style=\"font-size: 16px;color: #ffffff;text-align: left;font-family:Poppins;font-weight:600;font-style:normal\" >Contact...<\/div><\/div>\n\t<div class=\"wpb_text_column wpb_content_element  vc_custom_1538479738853\" >\n\t\t<div class=\"wpb_wrapper\">\n\t\t\t<p><span style=\"font-size: 13px; line-height: 22px; color: #222222;\"><span style=\"color: #ffffff;\">For more information about our company, you can contact us.<\/span><br \/>\n<\/span><\/p>\n\n\t\t<\/div>\n\t<\/div>\n<div class=\"vc_btn3-container vc_btn3-inline\" ><a class=\"vc_general vc_btn3 vc_btn3-size-sm vc_btn3-shape-rounded vc_btn3-style-flat vc_btn3-icon-left vc_btn3-color-white\" href=\"http:\/\/www.termatect.com\/index.php\/iletisim\/\" title=\"\" target=\"_blank\"><i class=\"vc_btn3-icon fa fa-phone-square\"><\/i> Contact<\/a><\/div><\/div><\/div><\/div><\/div><div class=\"vc_row wpb_row vc_row-fluid\"><div class=\"wpb_column vc_column_container vc_col-sm-12\"><div class=\"vc_column-inner\"><div class=\"wpb_wrapper\">\n\n\t\t\t<div class=\"stm_testimonials cols_1 style_1\">\n\t\t\t\t\t\t\t<div class=\"item\">\n\t\t\t\t\t<div class=\"testimonial\"><p>\u201c We will continue to seek superior quality and superior service with the power we receive from you. \u201d<\/p>\n<\/div>\n\t\t\t\t\t<div class=\"testimonial-info clearfix\">\n\t\t\t\t\t\t<div class=\"testimonial-image\"><img loading=\"lazy\" decoding=\"async\" width=\"50\" height=\"50\" src=\"https:\/\/i0.wp.com\/www.termatect.com\/wp-content\/uploads\/2018\/11\/%C4%B0con.png?resize=50%2C50&amp;ssl=1\" class=\"attachment-consulting-image-50x50-croped size-consulting-image-50x50-croped wp-post-image\" alt=\"\" \/><\/div>\n\t\t\t\t\t\t<div class=\"testimonial-text\">\n\t\t\t\t\t\t\t<div class=\"name\">Terma Construction Chemicals<\/div>\n\t\t\t\t\t\t\t<div class=\"company\">\n\t\t\t\t\t\t\t\tSan. Tic. Ltd. \u015eti.\t\t\t\t\t\t\t<\/div>\n\t\t\t\t\t\t<\/div>\n\t\t\t\t\t<\/div>\n\t\t\t\t<\/div>\n\t\t\t\t\t<\/div>\n\t\n<\/div><\/div><\/div><\/div>\n<\/div><\/div><\/div><\/div><\/div><div data-vc-full-width=\"true\" data-vc-full-width-init=\"false\" class=\"vc_row wpb_row vc_row-fluid third_bg_color vc_custom_1459505959648\"><div class=\"wpb_column vc_column_container vc_col-sm-12\"><div class=\"vc_column-inner\"><div class=\"wpb_wrapper\">\n\n<section class=\"vc_cta3-container\" >\n    <div class=\"vc_general vc_cta3 third_bg_color vc_cta3-style-flat vc_cta3-shape-square vc_cta3-align-left vc_cta3-color-classic vc_cta3-icon-size-md vc_cta3-actions-right vc_custom_1542441395678\">\n                        <div class=\"vc_cta3_content-container\">\n                                    <div class=\"vc_cta3-content\">\n                <header class=\"vc_cta3-content-header\">\n                    <div class=\"vc_custom_heading\" ><h2 style=\"font-size: 20px;color: #ffffff;line-height: 24px\" >Do you want to get detailed information about our products?<\/h2><\/div>                                    <\/header>\n                            <\/div>\n                        <div class=\"vc_cta3-actions\"><div class=\"vc_btn3-container vc_btn3-right\" ><a class=\"vc_general vc_btn3 vc_btn3-size-md vc_btn3-shape-rounded vc_btn3-style-flat vc_btn3-icon-right vc_btn3-color-theme_style_2\" href=\"http:\/\/www.termatect.com\/index.php\/urunlerimiz\/\" title=\"\" target=\"_blank\">Click Here <i class=\"vc_btn3-icon fa fa-chevron-right\"><\/i><\/a><\/div><\/div>        <\/div>\n                    <\/div>\n<\/section>\n\n<\/div><\/div><\/div><\/div><div class=\"vc_row-full-width vc_clearfix\"><\/div>","protected":false},"excerpt":{"rendered":"","protected":false},"author":1,"featured_media":0,"parent":0,"menu_order":0,"comment_status":"closed","ping_status":"closed","template":"","meta":{"_monsterinsights_skip_tracking":false,"_monsterinsights_sitenote_active":false,"_monsterinsights_sitenote_note":"","_monsterinsights_sitenote_category":0,"advanced_seo_description":"","jetpack_seo_html_title":"","jetpack_seo_noindex":false,"footnotes":""},"class_list":["post-3387","page","type-page","status-publish","hentry"],"jetpack_sharing_enabled":true,"_links":{"self":[{"href":"https:\/\/www.termatect.com\/en\/wp-json\/wp\/v2\/pages\/3387","targetHints":{"allow":["GET"]}}],"collection":[{"href":"https:\/\/www.termatect.com\/en\/wp-json\/wp\/v2\/pages"}],"about":[{"href":"https:\/\/www.termatect.com\/en\/wp-json\/wp\/v2\/types\/page"}],"author":[{"embeddable":true,"href":"https:\/\/www.termatect.com\/en\/wp-json\/wp\/v2\/users\/1"}],"replies":[{"embeddable":true,"href":"https:\/\/www.termatect.com\/en\/wp-json\/wp\/v2\/comments?post=3387"}],"version-history":[{"count":4,"href":"https:\/\/www.termatect.com\/en\/wp-json\/wp\/v2\/pages\/3387\/revisions"}],"predecessor-version":[{"id":3949,"href":"https:\/\/www.termatect.com\/en\/wp-json\/wp\/v2\/pages\/3387\/revisions\/3949"}],"wp:attachment":[{"href":"https:\/\/www.termatect.com\/en\/wp-json\/wp\/v2\/media?parent=3387"}],"curies":[{"name":"wp","href":"https:\/\/api.w.org\/{rel}","templated":true}]}}