{"id":3463,"date":"2018-11-14T13:31:42","date_gmt":"2018-11-14T10:31:42","guid":{"rendered":"http:\/\/www.termatect.com\/?page_id=3463"},"modified":"2020-02-26T12:30:07","modified_gmt":"2020-02-26T09:30:07","slug":"profesyoneller-icin","status":"publish","type":"page","link":"http:\/\/www.termatect.com\/en\/profesyoneller-icin\/","title":{"rendered":"Professionals"},"content":{"rendered":"<div data-vc-full-width=\"true\" data-vc-full-width-init=\"false\" class=\"vc_row wpb_row vc_row-fluid vc_custom_1538379031403\"><div class=\"wpb_animate_when_almost_visible wpb_fadeInUp fadeInUp wpb_column vc_column_container vc_col-sm-4\"><div class=\"vc_column-inner\"><div class=\"wpb_wrapper\"><div class=\"info_box style_4\">\n\n\t\n\t\n\t\n\t\t\t\t\t                                    <div class=\"info_box_image\"><img loading=\"lazy\" decoding=\"async\" width=\"350\" height=\"204\" src=\"https:\/\/i0.wp.com\/www.termatect.com\/wp-content\/uploads\/2018\/11\/Katalog.jpg?resize=350%2C204&amp;ssl=1\" class=\"attachment-consulting-image-350x204-croped size-consulting-image-350x204-croped\" alt=\"\" srcset=\"https:\/\/i0.wp.com\/www.termatect.com\/wp-content\/uploads\/2018\/11\/Katalog.jpg?resize=350%2C204&amp;ssl=1 350w, https:\/\/i0.wp.com\/www.termatect.com\/wp-content\/uploads\/2018\/11\/Katalog.jpg?zoom=2&amp;resize=350%2C204&amp;ssl=1 700w\" sizes=\"auto, (max-width: 350px) 100vw, 350px\" \/><\/div>\n                \t\t\t\t\t\n\t\t\n\t\t\t\t\t<div class=\"title\">\n\t\t\t\t\t\t\t\t\t\t\t\t\t<h4 class=\"no_stripe\">Genel Katalog (2020)<\/h4>\n\t\t\t\t\t\t\t<\/div>\n\t\t\t\t<p>Termatect 2020 Genel Katolo\u011funu incelemek ve indirmek i\u00e7in t\u0131klay\u0131n\u0131z.<\/p>\n\t\t <a class=\"read_more\" target=\" _blank\" href=\"http:\/\/www.termatect.com\/wp-content\/uploads\/2019\/01\/termatectgenelkatalog2019.pdf\">Read More<\/a>\t\t\n\t\n\t<\/div>\n<div class=\"stm-spacing\" id=\"stm-spacing-6a09bfe95d605\"><\/div>\n<script>\n\t(function($){\n\t\t\"use strict\";\n\t\tvar spacingID = 'stm-spacing-6a09bfe95d605',\n\t\t\t  lgSpacing = '',\n\t\t\t  mdSpacing = '',\n\t\t\t  smSpacing = '30px',\n\t\t\t  xsSpacing = '30px';\n\n\t\tfunction stmSpacing() {\n\t\t\tif ( window.matchMedia(\"(min-width: 1200px)\").matches && lgSpacing ) {\n\t\t\t\t$( '#' + spacingID ).css ( \"height\", lgSpacing );\n\t\t\t} else if ( window.matchMedia(\"(max-width: 1199px) and (min-width: 992px )\").matches && mdSpacing ) {\n\t\t\t\t$( '#' + spacingID ).css ( \"height\", mdSpacing );\n\t\t\t} else if ( window.matchMedia(\"(max-width: 991px) and (min-width: 768px )\").matches && smSpacing ) {\n\t\t\t\t$( '#' + spacingID ).css ( \"height\", smSpacing );\n\t\t\t} else if ( window.matchMedia(\"(max-width: 767px)\").matches && xsSpacing ) {\n\t\t\t\t$( '#' + spacingID ).css ( \"height\", xsSpacing );\n\t\t\t} else {\n\t\t\t\t$( '#' + spacingID ).css ( \"height\", \"\" );\n\t\t\t}\n\t\t}\n\n\t\t$(document).ready(function() {\n\t\t\tstmSpacing();\n\t\t});\n\n\t\t$(window).resize(function() {\n\t\t\tstmSpacing();\n\t\t});\n\n\t})(jQuery);\n<\/script>\n\n<\/div><\/div><\/div><div class=\"wpb_animate_when_almost_visible wpb_fadeInUp fadeInUp wpb_column vc_column_container vc_col-sm-4\"><div class=\"vc_column-inner\"><div class=\"wpb_wrapper\"><div class=\"info_box style_4\">\n\n\t\n\t\n\t\n\t\t\t\t\t                                    <div class=\"info_box_image\"><img loading=\"lazy\" decoding=\"async\" width=\"350\" height=\"204\" src=\"https:\/\/i0.wp.com\/www.termatect.com\/wp-content\/uploads\/2020\/02\/2020-01-scaled.jpg?resize=350%2C204&amp;ssl=1\" class=\"attachment-consulting-image-350x204-croped size-consulting-image-350x204-croped\" alt=\"\" srcset=\"https:\/\/i0.wp.com\/www.termatect.com\/wp-content\/uploads\/2020\/02\/2020-01-scaled.jpg?resize=350%2C204&amp;ssl=1 350w, https:\/\/i0.wp.com\/www.termatect.com\/wp-content\/uploads\/2020\/02\/2020-01-scaled.jpg?zoom=2&amp;resize=350%2C204&amp;ssl=1 700w, https:\/\/i0.wp.com\/www.termatect.com\/wp-content\/uploads\/2020\/02\/2020-01-scaled.jpg?zoom=3&amp;resize=350%2C204&amp;ssl=1 1050w\" sizes=\"auto, (max-width: 350px) 100vw, 350px\" \/><\/div>\n                \t\t\t\t\t\n\t\t\n\t\t\t\t\t<div class=\"title\">\n\t\t\t\t\t\t\t\t\t\t\t\t\t<h4 class=\"no_stripe\">Fiyat Listesi (2020-01)<\/h4>\n\t\t\t\t\t\t\t<\/div>\n\t\t\t\t<p>Termatect 2020-01 Fiyat Listesini incelemek ve indirmek i\u00e7in t\u0131klay\u0131n\u0131z.<\/p>\n\t\t <a class=\"read_more\" target=\" _blank\" href=\"#\">Read More<\/a>\t\t\n\t\n\t<\/div>\n<div class=\"stm-spacing\" id=\"stm-spacing-6a09bfe95daf4\"><\/div>\n<script>\n\t(function($){\n\t\t\"use strict\";\n\t\tvar spacingID = 'stm-spacing-6a09bfe95daf4',\n\t\t\t  lgSpacing = '',\n\t\t\t  mdSpacing = '',\n\t\t\t  smSpacing = '30px',\n\t\t\t  xsSpacing = '30px';\n\n\t\tfunction stmSpacing() {\n\t\t\tif ( window.matchMedia(\"(min-width: 1200px)\").matches && lgSpacing ) {\n\t\t\t\t$( '#' + spacingID ).css ( \"height\", lgSpacing );\n\t\t\t} else if ( window.matchMedia(\"(max-width: 1199px) and (min-width: 992px )\").matches && mdSpacing ) {\n\t\t\t\t$( '#' + spacingID ).css ( \"height\", mdSpacing );\n\t\t\t} else if ( window.matchMedia(\"(max-width: 991px) and (min-width: 768px )\").matches && smSpacing ) {\n\t\t\t\t$( '#' + spacingID ).css ( \"height\", smSpacing );\n\t\t\t} else if ( window.matchMedia(\"(max-width: 767px)\").matches && xsSpacing ) {\n\t\t\t\t$( '#' + spacingID ).css ( \"height\", xsSpacing );\n\t\t\t} else {\n\t\t\t\t$( '#' + spacingID ).css ( \"height\", \"\" );\n\t\t\t}\n\t\t}\n\n\t\t$(document).ready(function() {\n\t\t\tstmSpacing();\n\t\t});\n\n\t\t$(window).resize(function() {\n\t\t\tstmSpacing();\n\t\t});\n\n\t})(jQuery);\n<\/script>\n\n<\/div><\/div><\/div><div class=\"wpb_animate_when_almost_visible wpb_fadeInUp fadeInUp wpb_column vc_column_container vc_col-sm-4\"><div class=\"vc_column-inner\"><div class=\"wpb_wrapper\"><div class=\"info_box style_4\">\n\n\t\n\t\n\t\n\t\t\t\t\t                                    <div class=\"info_box_image\"><img loading=\"lazy\" decoding=\"async\" width=\"350\" height=\"204\" src=\"https:\/\/i0.wp.com\/www.termatect.com\/wp-content\/uploads\/2018\/11\/TDS.jpg?resize=350%2C204&amp;ssl=1\" class=\"attachment-consulting-image-350x204-croped size-consulting-image-350x204-croped\" alt=\"\" srcset=\"https:\/\/i0.wp.com\/www.termatect.com\/wp-content\/uploads\/2018\/11\/TDS.jpg?resize=350%2C204&amp;ssl=1 350w, https:\/\/i0.wp.com\/www.termatect.com\/wp-content\/uploads\/2018\/11\/TDS.jpg?zoom=2&amp;resize=350%2C204&amp;ssl=1 700w\" sizes=\"auto, (max-width: 350px) 100vw, 350px\" \/><\/div>\n                \t\t\t\t\t\n\t\t\n\t\t\t\t\t<div class=\"title\">\n\t\t\t\t\t\t\t\t\t\t\t\t\t<h4 class=\"no_stripe\">D\u00f6k\u00fcmanlar (TDS &amp; MSDS &amp; Belgeler)<\/h4>\n\t\t\t\t\t\t\t<\/div>\n\t\t\t\t<p>Termatect TDS (Teknik Bilgi F\u00f6y\u00fc) ve MSDS (G\u00fcvenlik Bilgi F\u00f6y\u00fc) Kalite Belgelerini incelemek ve indirmek i\u00e7in t\u0131klay\u0131n\u0131z.<\/p>\n\t\t <a class=\"read_more\" target=\" _blank\" href=\"http:\/\/www.termatect.com\/index.php\/profesyoneller-icin\/dokumanlar\/\">Read More<\/a>\t\t\n\t\n\t<\/div>\n<div class=\"stm-spacing\" id=\"stm-spacing-6a09bfe95df13\"><\/div>\n<script>\n\t(function($){\n\t\t\"use strict\";\n\t\tvar spacingID = 'stm-spacing-6a09bfe95df13',\n\t\t\t  lgSpacing = '',\n\t\t\t  mdSpacing = '',\n\t\t\t  smSpacing = '30px',\n\t\t\t  xsSpacing = '30px';\n\n\t\tfunction stmSpacing() {\n\t\t\tif ( window.matchMedia(\"(min-width: 1200px)\").matches && lgSpacing ) {\n\t\t\t\t$( '#' + spacingID ).css ( \"height\", lgSpacing );\n\t\t\t} else if ( window.matchMedia(\"(max-width: 1199px) and (min-width: 992px )\").matches && mdSpacing ) {\n\t\t\t\t$( '#' + spacingID ).css ( \"height\", mdSpacing );\n\t\t\t} else if ( window.matchMedia(\"(max-width: 991px) and (min-width: 768px )\").matches && smSpacing ) {\n\t\t\t\t$( '#' + spacingID ).css ( \"height\", smSpacing );\n\t\t\t} else if ( window.matchMedia(\"(max-width: 767px)\").matches && xsSpacing ) {\n\t\t\t\t$( '#' + spacingID ).css ( \"height\", xsSpacing );\n\t\t\t} else {\n\t\t\t\t$( '#' + spacingID ).css ( \"height\", \"\" );\n\t\t\t}\n\t\t}\n\n\t\t$(document).ready(function() {\n\t\t\tstmSpacing();\n\t\t});\n\n\t\t$(window).resize(function() {\n\t\t\tstmSpacing();\n\t\t});\n\n\t})(jQuery);\n<\/script>\n\n<\/div><\/div><\/div><\/div><div class=\"vc_row-full-width vc_clearfix\"><\/div><div data-vc-full-width=\"true\" data-vc-full-width-init=\"false\" class=\"vc_row wpb_row vc_row-fluid\"><div class=\"wpb_animate_when_almost_visible wpb_fadeInUp fadeInUp wpb_column vc_column_container vc_col-sm-4\"><div class=\"vc_column-inner\"><div class=\"wpb_wrapper\"><div class=\"info_box style_4\">\n\n\t\n\t\n\t\n\t\t\t\t\t                                    <div class=\"info_box_image\"><img loading=\"lazy\" decoding=\"async\" width=\"350\" height=\"204\" src=\"https:\/\/i0.wp.com\/www.termatect.com\/wp-content\/uploads\/2018\/11\/Play.jpg?resize=350%2C204&amp;ssl=1\" class=\"attachment-consulting-image-350x204-croped size-consulting-image-350x204-croped\" alt=\"\" srcset=\"https:\/\/i0.wp.com\/www.termatect.com\/wp-content\/uploads\/2018\/11\/Play.jpg?resize=350%2C204&amp;ssl=1 350w, https:\/\/i0.wp.com\/www.termatect.com\/wp-content\/uploads\/2018\/11\/Play.jpg?zoom=2&amp;resize=350%2C204&amp;ssl=1 700w\" sizes=\"auto, (max-width: 350px) 100vw, 350px\" \/><\/div>\n                \t\t\t\t\t\n\t\t\n\t\t\t\t\t<div class=\"title\">\n\t\t\t\t\t\t\t\t\t\t\t\t\t<h4 class=\"no_stripe\">Uygulama Videolar\u0131<\/h4>\n\t\t\t\t\t\t\t<\/div>\n\t\t\t\t<p>\u00dcr\u00fcnlerimiz hakk\u0131nda daha detayl\u0131 bilgiye ula\u015fmak i\u00e7in uygulama videolar\u0131n\u0131 inceleyeniz.<\/p>\n\t\t <a class=\"read_more\" target=\"_self\" href=\"#\">Read More<\/a>\t\t\n\t\n\t<\/div>\n<div class=\"stm-spacing\" id=\"stm-spacing-6a09bfe95e494\"><\/div>\n<script>\n\t(function($){\n\t\t\"use strict\";\n\t\tvar spacingID = 'stm-spacing-6a09bfe95e494',\n\t\t\t  lgSpacing = '',\n\t\t\t  mdSpacing = '',\n\t\t\t  smSpacing = '30px',\n\t\t\t  xsSpacing = '30px';\n\n\t\tfunction stmSpacing() {\n\t\t\tif ( window.matchMedia(\"(min-width: 1200px)\").matches && lgSpacing ) {\n\t\t\t\t$( '#' + spacingID ).css ( \"height\", lgSpacing );\n\t\t\t} else if ( window.matchMedia(\"(max-width: 1199px) and (min-width: 992px )\").matches && mdSpacing ) {\n\t\t\t\t$( '#' + spacingID ).css ( \"height\", mdSpacing );\n\t\t\t} else if ( window.matchMedia(\"(max-width: 991px) and (min-width: 768px )\").matches && smSpacing ) {\n\t\t\t\t$( '#' + spacingID ).css ( \"height\", smSpacing );\n\t\t\t} else if ( window.matchMedia(\"(max-width: 767px)\").matches && xsSpacing ) {\n\t\t\t\t$( '#' + spacingID ).css ( \"height\", xsSpacing );\n\t\t\t} else {\n\t\t\t\t$( '#' + spacingID ).css ( \"height\", \"\" );\n\t\t\t}\n\t\t}\n\n\t\t$(document).ready(function() {\n\t\t\tstmSpacing();\n\t\t});\n\n\t\t$(window).resize(function() {\n\t\t\tstmSpacing();\n\t\t});\n\n\t})(jQuery);\n<\/script>\n\n<\/div><\/div><\/div><div class=\"wpb_animate_when_almost_visible wpb_fadeInUp fadeInUp wpb_column vc_column_container vc_col-sm-4\"><div class=\"vc_column-inner\"><div class=\"wpb_wrapper\"><div class=\"info_box style_4\">\n\n\t\n\t\n\t\n\t\t\t\t\t                                    <div class=\"info_box_image\"><img loading=\"lazy\" decoding=\"async\" width=\"350\" height=\"204\" src=\"https:\/\/i0.wp.com\/www.termatect.com\/wp-content\/uploads\/2018\/11\/%C3%96neri.jpg?resize=350%2C204&amp;ssl=1\" class=\"attachment-consulting-image-350x204-croped size-consulting-image-350x204-croped\" alt=\"\" \/><\/div>\n                \t\t\t\t\t\n\t\t\n\t\t\t\t\t<div class=\"title\">\n\t\t\t\t\t\t\t\t\t\t\t\t\t<h4 class=\"no_stripe\">\u00d6neri Tablolar\u0131<\/h4>\n\t\t\t\t\t\t\t<\/div>\n\t\t\t\t<p>\u00dcr\u00fcnlerimiz hakk\u0131nda size rehber sunan \u00f6neri tablolar\u0131n\u0131 inceleyeniz.<\/p>\n\t\t <a class=\"read_more\" target=\" _blank\" href=\"#\">Read More<\/a>\t\t\n\t\n\t<\/div>\n<div class=\"stm-spacing\" id=\"stm-spacing-6a09bfe95e93b\"><\/div>\n<script>\n\t(function($){\n\t\t\"use strict\";\n\t\tvar spacingID = 'stm-spacing-6a09bfe95e93b',\n\t\t\t  lgSpacing = '',\n\t\t\t  mdSpacing = '',\n\t\t\t  smSpacing = '30px',\n\t\t\t  xsSpacing = '30px';\n\n\t\tfunction stmSpacing() {\n\t\t\tif ( window.matchMedia(\"(min-width: 1200px)\").matches && lgSpacing ) {\n\t\t\t\t$( '#' + spacingID ).css ( \"height\", lgSpacing );\n\t\t\t} else if ( window.matchMedia(\"(max-width: 1199px) and (min-width: 992px )\").matches && mdSpacing ) {\n\t\t\t\t$( '#' + spacingID ).css ( \"height\", mdSpacing );\n\t\t\t} else if ( window.matchMedia(\"(max-width: 991px) and (min-width: 768px )\").matches && smSpacing ) {\n\t\t\t\t$( '#' + spacingID ).css ( \"height\", smSpacing );\n\t\t\t} else if ( window.matchMedia(\"(max-width: 767px)\").matches && xsSpacing ) {\n\t\t\t\t$( '#' + spacingID ).css ( \"height\", xsSpacing );\n\t\t\t} else {\n\t\t\t\t$( '#' + spacingID ).css ( \"height\", \"\" );\n\t\t\t}\n\t\t}\n\n\t\t$(document).ready(function() {\n\t\t\tstmSpacing();\n\t\t});\n\n\t\t$(window).resize(function() {\n\t\t\tstmSpacing();\n\t\t});\n\n\t})(jQuery);\n<\/script>\n\n<\/div><\/div><\/div><div class=\"wpb_animate_when_almost_visible wpb_fadeInUp fadeInUp wpb_column vc_column_container vc_col-sm-4\"><div class=\"vc_column-inner\"><div class=\"wpb_wrapper\"><div class=\"info_box style_4\">\n\n\t\n\t\n\t\n\t\t\t\t\t                                    <div class=\"info_box_image\"><img loading=\"lazy\" decoding=\"async\" width=\"350\" height=\"204\" src=\"https:\/\/i0.wp.com\/www.termatect.com\/wp-content\/uploads\/2018\/11\/Kalite.jpg?resize=350%2C204&amp;ssl=1\" class=\"attachment-consulting-image-350x204-croped size-consulting-image-350x204-croped\" alt=\"\" srcset=\"https:\/\/i0.wp.com\/www.termatect.com\/wp-content\/uploads\/2018\/11\/Kalite.jpg?resize=350%2C204&amp;ssl=1 350w, https:\/\/i0.wp.com\/www.termatect.com\/wp-content\/uploads\/2018\/11\/Kalite.jpg?zoom=2&amp;resize=350%2C204&amp;ssl=1 700w\" sizes=\"auto, (max-width: 350px) 100vw, 350px\" \/><\/div>\n                \t\t\t\t\t\n\t\t\n\t\t\t\t\t<div class=\"title\">\n\t\t\t\t\t\t\t\t\t\t\t\t\t<h4 class=\"no_stripe\">Referanslar<\/h4>\n\t\t\t\t\t\t\t<\/div>\n\t\t\t\t<p>\u00dcr\u00fcnlerimizin \u00fcretim ve sevkiyat\u0131nda sunulan refaranslar\u0131m\u0131z\u0131 inceleyiniz.<\/p>\n\t\t <a class=\"read_more\" target=\"_self\" href=\"#\">Read More<\/a>\t\t\n\t\n\t<\/div>\n<div class=\"stm-spacing\" id=\"stm-spacing-6a09bfe95ecef\"><\/div>\n<script>\n\t(function($){\n\t\t\"use strict\";\n\t\tvar spacingID = 'stm-spacing-6a09bfe95ecef',\n\t\t\t  lgSpacing = '',\n\t\t\t  mdSpacing = '',\n\t\t\t  smSpacing = '30px',\n\t\t\t  xsSpacing = '30px';\n\n\t\tfunction stmSpacing() {\n\t\t\tif ( window.matchMedia(\"(min-width: 1200px)\").matches && lgSpacing ) {\n\t\t\t\t$( '#' + spacingID ).css ( \"height\", lgSpacing );\n\t\t\t} else if ( window.matchMedia(\"(max-width: 1199px) and (min-width: 992px )\").matches && mdSpacing ) {\n\t\t\t\t$( '#' + spacingID ).css ( \"height\", mdSpacing );\n\t\t\t} else if ( window.matchMedia(\"(max-width: 991px) and (min-width: 768px )\").matches && smSpacing ) {\n\t\t\t\t$( '#' + spacingID ).css ( \"height\", smSpacing );\n\t\t\t} else if ( window.matchMedia(\"(max-width: 767px)\").matches && xsSpacing ) {\n\t\t\t\t$( '#' + spacingID ).css ( \"height\", xsSpacing );\n\t\t\t} else {\n\t\t\t\t$( '#' + spacingID ).css ( \"height\", \"\" );\n\t\t\t}\n\t\t}\n\n\t\t$(document).ready(function() {\n\t\t\tstmSpacing();\n\t\t});\n\n\t\t$(window).resize(function() {\n\t\t\tstmSpacing();\n\t\t});\n\n\t})(jQuery);\n<\/script>\n\n<\/div><\/div><\/div><\/div><div class=\"vc_row-full-width vc_clearfix\"><\/div><div data-vc-full-width=\"true\" data-vc-full-width-init=\"false\" data-vc-parallax=\"1.5\" class=\"vc_row wpb_row vc_row-fluid vc_custom_1542448054303 vc_row-has-fill vc_column-gap-35 vc_general vc_parallax vc_parallax-content-moving\"><div class=\"wpb_column vc_column_container vc_col-sm-12\"><div class=\"vc_column-inner\"><div class=\"wpb_wrapper\"><div class=\"vc_custom_heading text_align_left title_no_stripe\" ><h1 style=\"line-height: 3,5;text-align: left\" class=\"translation-block\" >Professional <mark> Success <\/mark><\/h1><\/div><div class=\"vc_row wpb_row vc_inner vc_row-fluid\"><div class=\"wpb_column vc_column_container vc_col-sm-2\"><div class=\"vc_column-inner\"><div class=\"wpb_wrapper\">\n\n                        <div onclick=\"return true\" class=\"icon_box  vc_custom_1582708920568 style_1 icon_top_transparent clearfix\">\n                                            <div class=\"icon  font-color_default font-color_base_bg\" style=\"width:50px\">\n                    <i style=\"font-size:55px;  \"\n                       class=\"stm-zurich-certificate\"><\/i><\/div>\n                            <div class=\"icon_text\">\n                                        <h4 style=\"font-size:18px;line-height:35px\" class=\"font-color_base no_stripe\">QUALITY<\/h4>\n                                <\/div>\n                    <\/div>\n            \n<\/div><\/div><\/div><div class=\"wpb_column vc_column_container vc_col-sm-2\"><div class=\"vc_column-inner\"><div class=\"wpb_wrapper\">\n\n                        <div onclick=\"return true\" class=\"icon_box  vc_custom_1582709069942 style_1 icon_top_transparent clearfix\">\n                                            <div class=\"icon  font-color_default font-color_base_bg\" style=\"width:50px\">\n                    <i style=\"font-size:55px;  \"\n                       class=\"stm-nokia_outline\"><\/i><\/div>\n                            <div class=\"icon_text\">\n                                        <h4 style=\"font-size:18px;line-height:35px\" class=\"font-color_base no_stripe\">PERFORMANCE<\/h4>\n                                <\/div>\n                    <\/div>\n            \n<\/div><\/div><\/div><div class=\"wpb_column vc_column_container vc_col-sm-2\"><div class=\"vc_column-inner\"><div class=\"wpb_wrapper\">\n\n                        <div onclick=\"return true\" class=\"icon_box  vc_custom_1582709105392 style_1 icon_top_transparent clearfix\">\n                                            <div class=\"icon  font-color_default font-color_base_bg\" style=\"width:50px\">\n                    <i style=\"font-size:55px;  \"\n                       class=\"stm-shield_flat\"><\/i><\/div>\n                            <div class=\"icon_text\">\n                                        <h4 style=\"font-size:18px;line-height:35px\" class=\"font-color_base no_stripe\">CONFIDENCE<\/h4>\n                                <\/div>\n                    <\/div>\n            \n<\/div><\/div><\/div><div class=\"wpb_column vc_column_container vc_col-sm-2\"><div class=\"vc_column-inner\"><div class=\"wpb_wrapper\">\n\n                        <div onclick=\"return true\" class=\"icon_box  vc_custom_1582709009224 style_1 icon_top_transparent clearfix\">\n                                            <div class=\"icon  font-color_default font-color_base_bg\" style=\"width:50px\">\n                    <i style=\"font-size:55px;  \"\n                       class=\"stm-stats\"><\/i><\/div>\n                            <div class=\"icon_text\">\n                                        <h4 style=\"font-size:18px;line-height:35px\" class=\"font-color_base no_stripe\">EXPERIENCE<\/h4>\n                                <\/div>\n                    <\/div>\n            \n<\/div><\/div><\/div><div class=\"wpb_column vc_column_container vc_col-sm-2\"><div class=\"vc_column-inner\"><div class=\"wpb_wrapper\"><\/div><\/div><\/div><div class=\"wpb_column vc_column_container vc_col-sm-2\"><div class=\"vc_column-inner\"><div class=\"wpb_wrapper\"><\/div><\/div><\/div><\/div><\/div><\/div><\/div><\/div><div class=\"vc_row-full-width vc_clearfix\"><\/div>","protected":false},"excerpt":{"rendered":"Genel Katalog (2020) Termatect 2020 Genel Katolo\u011funu incelemek ve indirmek i\u00e7in t\u0131klay\u0131n\u0131z. Read More Fiyat Listesi (2020-01) Termatect 2020-01 Fiyat Listesini incelemek ve indirmek i\u00e7in t\u0131klay\u0131n\u0131z. Read More D\u00f6k\u00fcmanlar (TDS &amp; MSDS &amp; Belgeler) Termatect TDS (Teknik Bilgi F\u00f6y\u00fc) ve MSDS (G\u00fcvenlik Bilgi F\u00f6y\u00fc) Kalite Belgelerini incelemek ve indirmek i\u00e7in t\u0131klay\u0131n\u0131z. Read More Uygulama Videolar\u0131","protected":false},"author":1,"featured_media":0,"parent":0,"menu_order":0,"comment_status":"closed","ping_status":"closed","template":"","meta":{"_monsterinsights_skip_tracking":false,"_monsterinsights_sitenote_active":false,"_monsterinsights_sitenote_note":"","_monsterinsights_sitenote_category":0,"advanced_seo_description":"","jetpack_seo_html_title":"","jetpack_seo_noindex":false,"footnotes":""},"class_list":["post-3463","page","type-page","status-publish","hentry"],"jetpack_sharing_enabled":true,"_links":{"self":[{"href":"http:\/\/www.termatect.com\/en\/wp-json\/wp\/v2\/pages\/3463","targetHints":{"allow":["GET"]}}],"collection":[{"href":"http:\/\/www.termatect.com\/en\/wp-json\/wp\/v2\/pages"}],"about":[{"href":"http:\/\/www.termatect.com\/en\/wp-json\/wp\/v2\/types\/page"}],"author":[{"embeddable":true,"href":"http:\/\/www.termatect.com\/en\/wp-json\/wp\/v2\/users\/1"}],"replies":[{"embeddable":true,"href":"http:\/\/www.termatect.com\/en\/wp-json\/wp\/v2\/comments?post=3463"}],"version-history":[{"count":34,"href":"http:\/\/www.termatect.com\/en\/wp-json\/wp\/v2\/pages\/3463\/revisions"}],"predecessor-version":[{"id":4638,"href":"http:\/\/www.termatect.com\/en\/wp-json\/wp\/v2\/pages\/3463\/revisions\/4638"}],"wp:attachment":[{"href":"http:\/\/www.termatect.com\/en\/wp-json\/wp\/v2\/media?parent=3463"}],"curies":[{"name":"wp","href":"https:\/\/api.w.org\/{rel}","templated":true}]}}