{"id":3412,"date":"2018-11-14T13:08:01","date_gmt":"2018-11-14T10:08:01","guid":{"rendered":"http:\/\/www.termatect.com\/?page_id=3412"},"modified":"2020-01-30T17:24:12","modified_gmt":"2020-01-30T14:24:12","slug":"galeri","status":"publish","type":"page","link":"http:\/\/www.termatect.com\/en\/galeri\/","title":{"rendered":"Gallery"},"content":{"rendered":"<div data-vc-full-width=\"true\" data-vc-full-width-init=\"false\" class=\"vc_row wpb_row vc_row-fluid third_bg_color vc_custom_1484889309914\"><div class=\"wpb_column vc_column_container vc_col-sm-12\"><div class=\"vc_column-inner\"><div class=\"wpb_wrapper\">\n\n<section class=\"vc_cta3-container\" >\n    <div class=\"vc_general vc_cta3 third_bg_color vc_cta3-style-flat vc_cta3-shape-square vc_cta3-align-left vc_cta3-color-classic vc_cta3-icon-size-md vc_cta3-actions-right vc_custom_1536826175691\">\n                        <div class=\"vc_cta3_content-container\">\n                                    <div class=\"vc_cta3-content\">\n                <header class=\"vc_cta3-content-header\">\n                    <div class=\"vc_custom_heading\" ><h2 style=\"font-size: 20px;color: #ffffff;line-height: 24px\" >Do you want to get detailed information about our products?<\/h2><\/div>                                    <\/header>\n                            <\/div>\n                        <div class=\"vc_cta3-actions\"><div class=\"vc_btn3-container vc_btn3-right\" ><button class=\"vc_general vc_btn3 vc_btn3-size-md vc_btn3-shape-rounded vc_btn3-style-flat vc_btn3-block vc_btn3-icon-right vc_btn3-color-theme_style_2\">Click Here <i class=\"vc_btn3-icon fa fa-chevron-right\"><\/i><\/button><\/div><\/div>        <\/div>\n                    <\/div>\n<\/section>\n\n<\/div><\/div><\/div><\/div><div class=\"vc_row-full-width vc_clearfix\"><\/div>","protected":false},"excerpt":{"rendered":"\u00dcr\u00fcnlerimiz Hakk\u0131nda Detayl\u0131 Bilgi Almak \u0130stermisiniz ? T\u0131klay\u0131n\u0131z","protected":false},"author":1,"featured_media":0,"parent":0,"menu_order":0,"comment_status":"closed","ping_status":"closed","template":"","meta":{"_monsterinsights_skip_tracking":false,"_monsterinsights_sitenote_active":false,"_monsterinsights_sitenote_note":"","_monsterinsights_sitenote_category":0,"advanced_seo_description":"","jetpack_seo_html_title":"","jetpack_seo_noindex":false,"footnotes":""},"class_list":["post-3412","page","type-page","status-publish","hentry"],"jetpack_sharing_enabled":true,"_links":{"self":[{"href":"http:\/\/www.termatect.com\/en\/wp-json\/wp\/v2\/pages\/3412","targetHints":{"allow":["GET"]}}],"collection":[{"href":"http:\/\/www.termatect.com\/en\/wp-json\/wp\/v2\/pages"}],"about":[{"href":"http:\/\/www.termatect.com\/en\/wp-json\/wp\/v2\/types\/page"}],"author":[{"embeddable":true,"href":"http:\/\/www.termatect.com\/en\/wp-json\/wp\/v2\/users\/1"}],"replies":[{"embeddable":true,"href":"http:\/\/www.termatect.com\/en\/wp-json\/wp\/v2\/comments?post=3412"}],"version-history":[{"count":5,"href":"http:\/\/www.termatect.com\/en\/wp-json\/wp\/v2\/pages\/3412\/revisions"}],"predecessor-version":[{"id":4546,"href":"http:\/\/www.termatect.com\/en\/wp-json\/wp\/v2\/pages\/3412\/revisions\/4546"}],"wp:attachment":[{"href":"http:\/\/www.termatect.com\/en\/wp-json\/wp\/v2\/media?parent=3412"}],"curies":[{"name":"wp","href":"https:\/\/api.w.org\/{rel}","templated":true}]}}