{"id":3399,"date":"2018-11-14T11:19:58","date_gmt":"2018-11-14T08:19:58","guid":{"rendered":"http:\/\/www.termatect.com\/?page_id=3399"},"modified":"2018-11-17T10:59:56","modified_gmt":"2018-11-17T07:59:56","slug":"kisisel-verilerin-korunmasi","status":"publish","type":"page","link":"http:\/\/www.termatect.com\/en\/kisisel-verilerin-korunmasi\/","title":{"rendered":"Protection of Personal Data"},"content":{"rendered":"<div class=\"vc_row wpb_row vc_row-fluid vc_custom_1459505865030\"><div class=\"wpb_column vc_column_container vc_col-sm-9\"><div class=\"vc_column-inner\"><div class=\"wpb_wrapper\"><div class=\"vc_empty_space\"   style=\"height: 32px\"><span class=\"vc_empty_space_inner\"><\/span><\/div>\n\t<div  class=\"wpb_single_image wpb_content_element vc_align_left  vc_custom_1542183581960\">\n\t\t\n\t\t<figure class=\"wpb_wrapper vc_figure\">\n\t\t\t<div class=\"vc_single_image-wrapper   vc_box_border_grey\"><img loading=\"lazy\" decoding=\"async\" class=\"vc_single_image-img\" src=\"https:\/\/i0.wp.com\/www.termatect.com\/wp-content\/uploads\/2018\/11\/Ki%C5%9Fisel-Verilerin-Korunmas%C4%B1.jpg?fit=820%2C350&amp;ssl=1\" width=\"820\" height=\"350\" alt=\"Ki\u015fisel Verilerin Korunmas\u0131\" title=\"Protection of Personal Data\" \/><\/div>\n\t\t<\/figure>\n\t<\/div>\n\n\t<div class=\"wpb_text_column wpb_content_element  vc_custom_1532088970384\" >\n\t\t<div class=\"wpb_wrapper\">\n\t\t\t<h2><span style=\"font-size: 18pt;\">Policy on Processing and Protection of Personal Data<br \/>\n<\/span><\/h2>\n<p style=\"text-align: justify;\">As Terma Yap\u0131 Kimyasallar\u0131 Sanayi ve Ticaret Limited \u015eirketi (Termatect), we would like to inform you about the collection, use, storage and your rights of personal data under the Law on Protection of Personal Data (KVKK).<\/p>\n\n\t\t<\/div>\n\t<\/div>\n<div class=\"vc_tta-container\" data-vc-action=\"collapse\"><div class=\"vc_general vc_tta vc_tta-accordion vc_tta-color-grey vc_tta-style-classic vc_tta-shape-square vc_tta-o-shape-group vc_tta-controls-align-left\"><div class=\"vc_tta-panels-container\"><div class=\"vc_tta-panels\"><div class=\"vc_tta-panel vc_active\" id=\"1532088984452-45dd6e02-38ac8935-93aa\" data-vc-content=\".vc_tta-panel-body\"><div class=\"vc_tta-panel-heading\"><h4 class=\"vc_tta-panel-title vc_tta-controls-icon-position-right\"><a href=\"#1532088984452-45dd6e02-38ac8935-93aa\" data-vc-accordion data-vc-container=\".vc_tta-container\"><span class=\"vc_tta-title-text\">1. PURPOSE OF PROCESSING PERSONAL DATA AND LEGAL REASONS<\/span><i class=\"vc_tta-controls-icon vc_tta-controls-icon-plus\"><\/i><\/a><\/h4><\/div><div class=\"vc_tta-panel-body\">\n\t<div class=\"wpb_text_column wpb_content_element\" >\n\t\t<div class=\"wpb_wrapper\">\n\t\t\t<p>Terma Yap\u0131 Kimyasallar\u0131, personal data accounting, marketing, sales, product development, campaign and promotion presentation, planning of business activities, determination of company policies, measurement of stakeholder satisfaction, security, job security, providing technical support, announcement, effectiveness and information, statistical it processes, uses and protects information for purposes such as evaluation of information, compliance with legal requirements and information retention, reporting and information obligations. Terma Yap\u0131 Kimyasallar\u0131 can transfer the personal data it possesses to third parties or sources abroad, provided that the conditions specified in the legislation are met.<\/p>\n<p>The legal reason for the processing, use, transfer and storage of personal data is the Law on Protection of Personal Data and the regulations, communiqu\u00e9s and Personal Data Protection Authority decisions published according to this Law.<\/p>\n\n\t\t<\/div>\n\t<\/div>\n<\/div><\/div><div class=\"vc_tta-panel\" id=\"1532088984475-4018d07f-e1dc8935-93aa\" data-vc-content=\".vc_tta-panel-body\"><div class=\"vc_tta-panel-heading\"><h4 class=\"vc_tta-panel-title vc_tta-controls-icon-position-right\"><a href=\"#1532088984475-4018d07f-e1dc8935-93aa\" data-vc-accordion data-vc-container=\".vc_tta-container\"><span class=\"vc_tta-title-text\">2. SCOPE OF PERSONAL DATA<\/span><i class=\"vc_tta-controls-icon vc_tta-controls-icon-plus\"><\/i><\/a><\/h4><\/div><div class=\"vc_tta-panel-body\">\n\t<div class=\"wpb_text_column wpb_content_element\" >\n\t\t<div class=\"wpb_wrapper\">\n\t\t\t<p>Personal data means information that identifies or makes your identity identifiable. Your personal data that can be processed by Terma Yap\u0131 Kimyasallar\u0131, including but not limited to:<\/p>\n<p>- Identity and contact information (such as phone, e-mail),<br \/>\n- Information received in sales channels,<br \/>\n- Information about the person's product and service usage<br \/>\n- Information on the economic condition of the person<\/p>\n\n\t\t<\/div>\n\t<\/div>\n<\/div><\/div><div class=\"vc_tta-panel\" id=\"1532089203211-7985e55a-6f558935-93aa\" data-vc-content=\".vc_tta-panel-body\"><div class=\"vc_tta-panel-heading\"><h4 class=\"vc_tta-panel-title vc_tta-controls-icon-position-right\"><a href=\"#1532089203211-7985e55a-6f558935-93aa\" data-vc-accordion data-vc-container=\".vc_tta-container\"><span class=\"vc_tta-title-text\">3. PURPOSE OF PROCESSING PERSONAL DATA<\/span><i class=\"vc_tta-controls-icon vc_tta-controls-icon-plus\"><\/i><\/a><\/h4><\/div><div class=\"vc_tta-panel-body\">\n\t<div class=\"wpb_text_column wpb_content_element\" >\n\t\t<div class=\"wpb_wrapper\">\n\t\t\t<p>Terma Yap\u0131 Kimyasallar\u0131 processes personal data for reasons such as accounting, marketing, sales, product development, presentation of campaigns and promotions, planning business activities, determining company policies, measuring customer satisfaction, and evaluating statistical information.<\/p>\n<p>Terma Yap\u0131 Kimyasallar\u0131 can transfer the personal data it possesses to third parties or sources abroad, provided that the conditions specified in the legislation are met for these purposes.<\/p>\n\n\t\t<\/div>\n\t<\/div>\n<\/div><\/div><div class=\"vc_tta-panel\" id=\"1532089265534-75861fb4-12cc8935-93aa\" data-vc-content=\".vc_tta-panel-body\"><div class=\"vc_tta-panel-heading\"><h4 class=\"vc_tta-panel-title vc_tta-controls-icon-position-right\"><a href=\"#1532089265534-75861fb4-12cc8935-93aa\" data-vc-accordion data-vc-container=\".vc_tta-container\"><span class=\"vc_tta-title-text\">4. PERSONAL DATA COLLECTION AND STORAGE METHOD<\/span><i class=\"vc_tta-controls-icon vc_tta-controls-icon-plus\"><\/i><\/a><\/h4><\/div><div class=\"vc_tta-panel-body\">\n\t<div class=\"wpb_text_column wpb_content_element\" >\n\t\t<div class=\"wpb_wrapper\">\n\t\t\t<p>Personal data may be collected orally, in writing or electronically through channels such as headquarters, dealers, direct or indirect affiliates, call center.<\/p>\n<p>Terma Yap\u0131 Kimyasallar\u0131 takes the utmost care and effort to ensure the security of personal data, takes the necessary technical measures for the security of these data and applies them meticulously. In addition, personnel are regularly trained and audited to ensure data security.<\/p>\n\n\t\t<\/div>\n\t<\/div>\n<\/div><\/div><div class=\"vc_tta-panel\" id=\"1532089324993-29840042-33d58935-93aa\" data-vc-content=\".vc_tta-panel-body\"><div class=\"vc_tta-panel-heading\"><h4 class=\"vc_tta-panel-title vc_tta-controls-icon-position-right\"><a href=\"#1532089324993-29840042-33d58935-93aa\" data-vc-accordion data-vc-container=\".vc_tta-container\"><span class=\"vc_tta-title-text\">5. RIGHTS RELATING TO THE PROTECTION OF PERSONAL DATA<\/span><i class=\"vc_tta-controls-icon vc_tta-controls-icon-plus\"><\/i><\/a><\/h4><\/div><div class=\"vc_tta-panel-body\">\n\t<div class=\"wpb_text_column wpb_content_element\" >\n\t\t<div class=\"wpb_wrapper\">\n\t\t\t<p>The rights that people have regarding the protection of personal data are as follows:<\/p>\n<p>- To learn whether personal data is processed,<br \/>\n- Requesting information if personal data has been processed,<br \/>\n- Learning the purpose of processing personal data and whether they are used in accordance with its purpose,<br \/>\n- To know the third parties to whom personal data are transferred in Turkey or abroad,<br \/>\n- Requesting correction of personal data in case of missing or incorrect processing, requesting notification of this process to third parties to whom personal data has been transferred,<br \/>\n- Requesting the deletion or destruction of personal data within the framework of certain conditions, requesting this process to be notified to third parties to whom personal data has been transferred,<br \/>\n- To object to the emergence of a result against the person himself by analyzing the processed data exclusively through automated systems,<br \/>\n- Requesting the removal of the damage in case the personal data is damaged due to illegal processing of the data.<\/p>\n<p>Regarding these rights, the person concerned may apply to Terma Construction Chemicals' contact address below in writing or by e-mail address. Terma Construction Chemicals will, as a rule, conclude the application free of charge within 30 days of receipt of this application and inform the applicant. If the transaction to be performed also has a cost, a fee may be charged according to the tariff determined by the Personal Data Protection Board.<\/p>\n\n\t\t<\/div>\n\t<\/div>\n<\/div><\/div><div class=\"vc_tta-panel\" id=\"1532089382224-433dda44-72c08935-93aa\" data-vc-content=\".vc_tta-panel-body\"><div class=\"vc_tta-panel-heading\"><h4 class=\"vc_tta-panel-title vc_tta-controls-icon-position-right\"><a href=\"#1532089382224-433dda44-72c08935-93aa\" data-vc-accordion data-vc-container=\".vc_tta-container\"><span class=\"vc_tta-title-text\">6. CONTACT INFORMATION<\/span><i class=\"vc_tta-controls-icon vc_tta-controls-icon-plus\"><\/i><\/a><\/h4><\/div><div class=\"vc_tta-panel-body\">\n\t<div class=\"wpb_text_column wpb_content_element\" >\n\t\t<div class=\"wpb_wrapper\">\n\t\t\t<p>TERMA YAPI K\u0130MYASALLARI SANAY\u0130 ve T\u0130CARET L\u0130M\u0130TED \u015e\u0130RKET\u0130<br \/>\nAdana Hac\u0131 Sabanc\u0131 OSB \u0130smet Atl\u0131 Cd. No:7 01410 \/ Sar\u0131\u00e7am \/ ADANA \/ TURKEY<br \/>\nTelephone: +90 322 394 31 01<br \/>\nFaX: +90 322 394 31 02<br \/>\nE-Mail: info@termatect.com<br \/>\nMersis No: 0000000000000000<\/p>\n\n\t\t<\/div>\n\t<\/div>\n<\/div><\/div><\/div><\/div><\/div><\/div><\/div><\/div><\/div><div class=\"wpb_column vc_column_container vc_col-sm-3\"><div class=\"vc_column-inner\"><div class=\"wpb_wrapper\"><div class=\"vc_empty_space\"   style=\"height: 32px\"><span class=\"vc_empty_space_inner\"><\/span><\/div>\n<div class=\"stm_sidebar\">\n\t<style type=\"text\/css\" scoped>\n\t\t.vc_custom_1451998133493{margin-bottom: 30px !important;}.vc_custom_1452056597103{margin-right: 0px !important;margin-bottom: 30px !important;margin-left: 0px !important;}.vc_custom_1452056633692{padding-top: 37px !important;padding-right: 30px !important;padding-bottom: 40px !important;padding-left: 30px !important;}.vc_custom_1542441801336{margin-bottom: 9px !important;}.vc_custom_1538479738853{margin-bottom: 17px !important;}\t<\/style>\n\t<div class=\"vc_row wpb_row vc_row-fluid vc_custom_1451998133493\"><div class=\"wpb_column vc_column_container vc_col-sm-12\"><div class=\"vc_column-inner\"><div class=\"wpb_wrapper\"><div class=\"vc_wp_custommenu wpb_content_element mb-30\"><div class=\"widget widget_nav_menu\"><div class=\"menu-kurumsal-container\"><ul id=\"menu-kurumsal\" class=\"menu\"><li id=\"menu-item-3448\" class=\"menu-item menu-item-type-post_type menu-item-object-page menu-item-3448\"><a href=\"http:\/\/www.termatect.com\/en\/hakkimizda\/\">About us<\/a><\/li>\n<li id=\"menu-item-3455\" class=\"menu-item menu-item-type-post_type menu-item-object-page menu-item-3455\"><a href=\"http:\/\/www.termatect.com\/en\/misyonumuz-vizyonumuz\/\">Our Mission &amp; Vision<\/a><\/li>\n<li id=\"menu-item-3454\" class=\"menu-item menu-item-type-post_type menu-item-object-page menu-item-3454\"><a href=\"http:\/\/www.termatect.com\/en\/politikamiz\/\">Our Policy<\/a><\/li>\n<li id=\"menu-item-3453\" class=\"menu-item menu-item-type-post_type menu-item-object-page menu-item-3453\"><a href=\"http:\/\/www.termatect.com\/en\/tesisimiz\/\">Our facility<\/a><\/li>\n<li id=\"menu-item-3452\" class=\"menu-item menu-item-type-post_type menu-item-object-page menu-item-3452\"><a href=\"http:\/\/www.termatect.com\/en\/insan-kaynaklari\/\">Human Resources<\/a><\/li>\n<li id=\"menu-item-3451\" class=\"menu-item menu-item-type-post_type menu-item-object-page menu-item-3451\"><a href=\"http:\/\/www.termatect.com\/en\/ar-ge-kalite-kontrol\/\">R &amp; D &amp; Quality Control<\/a><\/li>\n<li id=\"menu-item-3450\" class=\"menu-item menu-item-type-post_type menu-item-object-page menu-item-3450\"><a href=\"http:\/\/www.termatect.com\/en\/musteri-memnuniyeti\/\">Customer Happiness<\/a><\/li>\n<li id=\"menu-item-3449\" class=\"menu-item menu-item-type-post_type menu-item-object-page menu-item-3449\"><a href=\"http:\/\/www.termatect.com\/en\/kisisel-verilerin-korunmasi\/\">Protection of Personal Data<\/a><\/li>\n<\/ul><\/div><\/div><\/div><div class=\"vc_btn3-container vc_btn3-left\" ><a class=\"vc_general vc_btn3 vc_btn3-size-lg vc_btn3-shape-rounded vc_btn3-style-flat vc_btn3-block vc_btn3-icon-left vc_btn3-color-theme_style_1\" href=\"http:\/\/www.termatect.com\/wp-content\/uploads\/2019\/01\/termatectgenelkatalog2019.pdf\" title=\"\" target=\"_blank\"><i class=\"vc_btn3-icon fas fa-file-pdf\"><\/i> 2020 Termatect Catalog<\/a><\/div><\/div><\/div><\/div><\/div><div class=\"vc_row wpb_row vc_row-fluid third_bg_color vc_custom_1452056597103\"><div class=\"wpb_column vc_column_container vc_col-sm-12\"><div class=\"vc_column-inner vc_custom_1452056633692\"><div class=\"wpb_wrapper\"><div class=\"vc_custom_heading vc_custom_1542441801336 text_align_left\" ><div style=\"font-size: 16px;color: #ffffff;text-align: left;font-family:Poppins;font-weight:600;font-style:normal\" >Contact...<\/div><\/div>\n\t<div class=\"wpb_text_column wpb_content_element  vc_custom_1538479738853\" >\n\t\t<div class=\"wpb_wrapper\">\n\t\t\t<p><span style=\"font-size: 13px; line-height: 22px; color: #222222;\"><span style=\"color: #ffffff;\">For more information about our company, you can contact us.<\/span><br \/>\n<\/span><\/p>\n\n\t\t<\/div>\n\t<\/div>\n<div class=\"vc_btn3-container vc_btn3-inline\" ><a class=\"vc_general vc_btn3 vc_btn3-size-sm vc_btn3-shape-rounded vc_btn3-style-flat vc_btn3-icon-left vc_btn3-color-white\" href=\"http:\/\/www.termatect.com\/index.php\/iletisim\/\" title=\"\" target=\"_blank\"><i class=\"vc_btn3-icon fa fa-phone-square\"><\/i> Contact<\/a><\/div><\/div><\/div><\/div><\/div><div class=\"vc_row wpb_row vc_row-fluid\"><div class=\"wpb_column vc_column_container vc_col-sm-12\"><div class=\"vc_column-inner\"><div class=\"wpb_wrapper\">\n\n\t\t\t<div class=\"stm_testimonials cols_1 style_1\">\n\t\t\t\t\t\t\t<div class=\"item\">\n\t\t\t\t\t<div class=\"testimonial\"><p>\u201c We will continue to seek superior quality and superior service with the power we receive from you. \u201d<\/p>\n<\/div>\n\t\t\t\t\t<div class=\"testimonial-info clearfix\">\n\t\t\t\t\t\t<div class=\"testimonial-image\"><img loading=\"lazy\" decoding=\"async\" width=\"50\" height=\"50\" src=\"https:\/\/i0.wp.com\/www.termatect.com\/wp-content\/uploads\/2018\/11\/%C4%B0con.png?resize=50%2C50&amp;ssl=1\" class=\"attachment-consulting-image-50x50-croped size-consulting-image-50x50-croped wp-post-image\" alt=\"\" \/><\/div>\n\t\t\t\t\t\t<div class=\"testimonial-text\">\n\t\t\t\t\t\t\t<div class=\"name\">Terma Construction Chemicals<\/div>\n\t\t\t\t\t\t\t<div class=\"company\">\n\t\t\t\t\t\t\t\tSan. Tic. Ltd. \u015eti.\t\t\t\t\t\t\t<\/div>\n\t\t\t\t\t\t<\/div>\n\t\t\t\t\t<\/div>\n\t\t\t\t<\/div>\n\t\t\t\t\t<\/div>\n\t\n<\/div><\/div><\/div><\/div>\n<\/div><\/div><\/div><\/div><\/div><div data-vc-full-width=\"true\" data-vc-full-width-init=\"false\" class=\"vc_row wpb_row vc_row-fluid third_bg_color vc_custom_1459505959648\"><div class=\"wpb_column vc_column_container vc_col-sm-12\"><div class=\"vc_column-inner\"><div class=\"wpb_wrapper\">\n\n<section class=\"vc_cta3-container\" >\n    <div class=\"vc_general vc_cta3 third_bg_color vc_cta3-style-flat vc_cta3-shape-square vc_cta3-align-left vc_cta3-color-classic vc_cta3-icon-size-md vc_cta3-actions-right vc_custom_1542441482900\">\n                        <div class=\"vc_cta3_content-container\">\n                                    <div class=\"vc_cta3-content\">\n                <header class=\"vc_cta3-content-header\">\n                    <div class=\"vc_custom_heading\" ><h2 style=\"font-size: 20px;color: #ffffff;line-height: 24px\" >Do you want to get detailed information about our products?<\/h2><\/div>                                    <\/header>\n                            <\/div>\n                        <div class=\"vc_cta3-actions\"><div class=\"vc_btn3-container vc_btn3-right\" ><a class=\"vc_general vc_btn3 vc_btn3-size-md vc_btn3-shape-rounded vc_btn3-style-flat vc_btn3-icon-right vc_btn3-color-theme_style_2\" href=\"http:\/\/www.termatect.com\/index.php\/urunlerimiz\/\" title=\"\" target=\"_blank\">Click Here <i class=\"vc_btn3-icon fa fa-chevron-right\"><\/i><\/a><\/div><\/div>        <\/div>\n                    <\/div>\n<\/section>\n\n<\/div><\/div><\/div><\/div><div class=\"vc_row-full-width vc_clearfix\"><\/div>","protected":false},"excerpt":{"rendered":"","protected":false},"author":1,"featured_media":0,"parent":0,"menu_order":0,"comment_status":"closed","ping_status":"closed","template":"","meta":{"advanced_seo_description":"","jetpack_seo_html_title":"","jetpack_seo_noindex":false,"footnotes":""},"class_list":["post-3399","page","type-page","status-publish","hentry"],"jetpack_sharing_enabled":true,"_links":{"self":[{"href":"http:\/\/www.termatect.com\/en\/wp-json\/wp\/v2\/pages\/3399","targetHints":{"allow":["GET"]}}],"collection":[{"href":"http:\/\/www.termatect.com\/en\/wp-json\/wp\/v2\/pages"}],"about":[{"href":"http:\/\/www.termatect.com\/en\/wp-json\/wp\/v2\/types\/page"}],"author":[{"embeddable":true,"href":"http:\/\/www.termatect.com\/en\/wp-json\/wp\/v2\/users\/1"}],"replies":[{"embeddable":true,"href":"http:\/\/www.termatect.com\/en\/wp-json\/wp\/v2\/comments?post=3399"}],"version-history":[{"count":4,"href":"http:\/\/www.termatect.com\/en\/wp-json\/wp\/v2\/pages\/3399\/revisions"}],"predecessor-version":[{"id":3946,"href":"http:\/\/www.termatect.com\/en\/wp-json\/wp\/v2\/pages\/3399\/revisions\/3946"}],"wp:attachment":[{"href":"http:\/\/www.termatect.com\/en\/wp-json\/wp\/v2\/media?parent=3399"}],"curies":[{"name":"wp","href":"https:\/\/api.w.org\/{rel}","templated":true}]}}