{"id":3377,"date":"2018-11-14T13:09:47","date_gmt":"2018-11-14T10:09:47","guid":{"rendered":"http:\/\/www.termatect.com\/?page_id=3377"},"modified":"2025-12-05T15:52:54","modified_gmt":"2025-12-05T12:52:54","slug":"hakkimizda","status":"publish","type":"page","link":"http:\/\/www.termatect.com\/en\/hakkimizda\/","title":{"rendered":"About us"},"content":{"rendered":"<div class=\"vc_row wpb_row vc_row-fluid vc_custom_1459505865030\"><div class=\"wpb_column vc_column_container vc_col-sm-9\"><div class=\"vc_column-inner\"><div class=\"wpb_wrapper\"><div class=\"vc_empty_space\"   style=\"height: 32px\"><span class=\"vc_empty_space_inner\"><\/span><\/div>\n\t<div  class=\"wpb_single_image wpb_content_element vc_align_left  vc_custom_1764939112503\">\n\t\t\n\t\t<figure class=\"wpb_wrapper vc_figure\">\n\t\t\t<div class=\"vc_single_image-wrapper   vc_box_border_grey\"><img loading=\"lazy\" decoding=\"async\" class=\"vc_single_image-img\" src=\"https:\/\/i0.wp.com\/www.termatect.com\/wp-content\/uploads\/2025\/12\/silhouette-business-people-discussion-meeting-cityscape-team-concept-scaled-820x350.jpg\" width=\"820\" height=\"350\" alt=\"Silhouette Business People Discussion Meeting Cityscape Team Concept\" title=\"Silhouette Business People Discussion Meeting Cityscape Team Con\" \/><\/div>\n\t\t<\/figure>\n\t<\/div>\n\n\t<div class=\"wpb_text_column wpb_content_element  vc_custom_1764938941334\" >\n\t\t<div class=\"wpb_wrapper\">\n\t\t\t<p data-start=\"162\" data-end=\"393\"><strong data-start=\"162\" data-end=\"393\">G\u00fcc\u00fcn\u00fc, 1988 y\u0131l\u0131ndan bu yana in\u015faat sekt\u00f6r\u00fcnde faaliyet g\u00f6steren G\u00fcler Seramik Ltd. \u015eti.\u2019nden alan Terma Yap\u0131 Kimyasallar\u0131 Ltd. \u015eti., 2010 y\u0131l\u0131nda kurulmu\u015f ve k\u0131sa s\u00fcrede sekt\u00f6r\u00fcn g\u00fcvenilir markalar\u0131ndan biri haline gelmi\u015ftir.<\/strong><\/p>\n<p data-start=\"395\" data-end=\"766\">Adana Organize Sanayi B\u00f6lgesi\u2019nde yer alan modern \u00fcretim tesisimiz; 12.000 m\u00b2 a\u00e7\u0131k, 5.200 m\u00b2 kapal\u0131 alan \u00fczerine kuruludur. Geni\u015f \u00fcr\u00fcn gam\u0131na sahip yap\u0131 kimyasallar\u0131 \u00fcretimimiz, ileri teknoloji ekipmanlarla desteklenmi\u015f. Tesisimizde g\u00fcnl\u00fck 225 ton toz \u00fcretim kapasitesi ve 36 ton likit \u00fcretim kapasitesi ile toplamda 261 ton\/g\u00fcn seviyesinde \u00fcretim ger\u00e7ekle\u015ftirilmektedir.<\/p>\n<p data-start=\"768\" data-end=\"1135\">Kurulu\u015fundan bu yana kaliteyi temel ilke olarak benimseyen firmam\u0131z; alan\u0131nda uzman kadrosu, uluslararas\u0131 standartlar\u0131 esas alan \u00fcretim anlay\u0131\u015f\u0131, bilimsel ve teknolojik geli\u015fmeleri yak\u0131ndan takip eden yakla\u015f\u0131m\u0131yla faaliyetlerini s\u00fcrd\u00fcrmektedir. Son kullan\u0131c\u0131 memnuniyetini merkeze alan \u00e7al\u0131\u015fma k\u00fclt\u00fcr\u00fcm\u00fcz, her ge\u00e7en g\u00fcn daha iyiye ula\u015fma hedefimizi g\u00fc\u00e7lendirmektedir.<\/p>\n<p data-start=\"1137\" data-end=\"1176\"><strong data-start=\"1137\" data-end=\"1176\">\u201cYap\u0131n\u0131n Kimyasal G\u00fcc\u00fc\u201d<br data-start=\"1162\" data-end=\"1165\" \/>TERMATECT<\/strong><\/p>\n\n\t\t<\/div>\n\t<\/div>\n\n\t<div class=\"wpb_text_column wpb_content_element  vc_custom_1764938726532\" >\n\t\t<div class=\"wpb_wrapper\">\n\t\t\t<p data-start=\"89\" data-end=\"113\"><span style=\"font-size: 14pt;\"><strong data-start=\"89\" data-end=\"113\">Milestones<\/strong><\/span><\/p>\n<p data-start=\"115\" data-end=\"687\">Gelece\u011fin g\u00fcvenli ve sa\u011fl\u0131kl\u0131 ya\u015fam alanlar\u0131n\u0131 in\u015fa etme sorumlulu\u011fuyla hareket ediyoruz. \u00dcr\u00fcn ve hizmetlerimizi, insanlar\u0131n kendini huzurla i\u00e7inde var edebilece\u011fi mekanlara de\u011fer katmak i\u00e7in geli\u015ftiriyoruz. Yap\u0131 kimyasallar\u0131 \u00e7\u00f6z\u00fcmlerimizle, yaln\u0131zca bug\u00fcn\u00fcn ihtiya\u00e7lar\u0131n\u0131 kar\u015f\u0131lamay\u0131 de\u011fil; yar\u0131n\u0131n ya\u015fam standartlar\u0131n\u0131 \u015fekillendirmeyi hedefliyoruz. \u00c7\u00fcnk\u00fc biz, daha g\u00fc\u00e7l\u00fc, daha modern ve daha s\u00fcrd\u00fcr\u00fclebilir yap\u0131larla ya\u015fam kalitesini y\u00fckseltmenin bir toplumun gelece\u011fine dokunmak oldu\u011funu biliyoruz. Her kilometre ta\u015f\u0131m\u0131z, bu vizyonun bir ad\u0131m daha ger\u00e7e\u011fe d\u00f6n\u00fc\u015fmesidir.<\/p>\n\n\t\t<\/div>\n\t<\/div>\n\n<div class=\"company_history\">\n\t\t\t<ul>\n\t\t\t<li>\n\t<div class=\"year\"><\/div>\n\t<div class=\"sep\"><\/div>\n\t<div class=\"company_history_text\">\n\t\t<h4 class=\"no_stripe\"><\/h4>\n\t\t\t<\/div>\n<\/li><li>\n\t<div class=\"year\">2010<\/div>\n\t<div class=\"sep\"><\/div>\n\t<div class=\"company_history_text\">\n\t\t<h4 class=\"no_stripe\"><\/h4>\n\t\t<p>Terma Construction Chemicals Ltd. Sti. was established and TERMATECT brand was registered and took its place in the sector.<\/p>\n\t<\/div>\n<\/li><li>\n\t<div class=\"year\">2013<\/div>\n\t<div class=\"sep\"><\/div>\n\t<div class=\"company_history_text\">\n\t\t<h4 class=\"no_stripe\"><\/h4>\n\t\t<p>By completing its investment to 180 tons \/ day installed capacity by reaching full time capacity; increased production and distribution capabilities.<\/p>\n\t<\/div>\n<\/li><li>\n\t<div class=\"year\">2014<\/div>\n\t<div class=\"sep\"><\/div>\n\t<div class=\"company_history_text\">\n\t\t<h4 class=\"no_stripe\"><\/h4>\n\t\t<p>Realizing the first export to Iraq, it contributed to the national economy.<\/p>\n\t<\/div>\n<\/li><li>\n\t<div class=\"year\">2015<\/div>\n\t<div class=\"sep\"><\/div>\n\t<div class=\"company_history_text\">\n\t\t<h4 class=\"no_stripe\"><\/h4>\n\t\t<p>80 tons \/ day capacity was added to the capacity increase and the total capacity was 261 tons \/ day.<\/p>\n\t<\/div>\n<\/li><li>\n\t<div class=\"year\">2018<\/div>\n\t<div class=\"sep\"><\/div>\n\t<div class=\"company_history_text\">\n\t\t<h4 class=\"no_stripe\"><\/h4>\n\t\t<p>With the investments it has made in the field of corporate development, it exports its products to 4 countries and improves its services with 155 active business partners in Turkey.<\/p>\n\t<\/div>\n<\/li>\t\t<\/ul>\n\t<\/div><\/div><\/div><\/div><div class=\"wpb_column vc_column_container vc_col-sm-3\"><div class=\"vc_column-inner\"><div class=\"wpb_wrapper\"><div class=\"vc_empty_space\"   style=\"height: 32px\"><span class=\"vc_empty_space_inner\"><\/span><\/div>\n<div class=\"stm_sidebar\">\n\t<style type=\"text\/css\" scoped>\n\t\t.vc_custom_1451998133493{margin-bottom: 30px !important;}.vc_custom_1452056597103{margin-right: 0px !important;margin-bottom: 30px !important;margin-left: 0px !important;}.vc_custom_1452056633692{padding-top: 37px !important;padding-right: 30px !important;padding-bottom: 40px !important;padding-left: 30px !important;}.vc_custom_1542441801336{margin-bottom: 9px !important;}.vc_custom_1538479738853{margin-bottom: 17px !important;}\t<\/style>\n\t<div class=\"vc_row wpb_row vc_row-fluid vc_custom_1451998133493\"><div class=\"wpb_column vc_column_container vc_col-sm-12\"><div class=\"vc_column-inner\"><div class=\"wpb_wrapper\"><div class=\"vc_wp_custommenu wpb_content_element mb-30\"><div class=\"widget widget_nav_menu\"><div class=\"menu-kurumsal-container\"><ul id=\"menu-kurumsal\" class=\"menu\"><li id=\"menu-item-3448\" class=\"menu-item menu-item-type-post_type menu-item-object-page menu-item-3448\"><a href=\"http:\/\/www.termatect.com\/en\/hakkimizda\/\">About us<\/a><\/li>\n<li id=\"menu-item-3455\" class=\"menu-item menu-item-type-post_type menu-item-object-page menu-item-3455\"><a href=\"http:\/\/www.termatect.com\/en\/misyonumuz-vizyonumuz\/\">Our Mission &amp; Vision<\/a><\/li>\n<li id=\"menu-item-3454\" class=\"menu-item menu-item-type-post_type menu-item-object-page menu-item-3454\"><a href=\"http:\/\/www.termatect.com\/en\/politikamiz\/\">Our Policy<\/a><\/li>\n<li id=\"menu-item-3453\" class=\"menu-item menu-item-type-post_type menu-item-object-page menu-item-3453\"><a href=\"http:\/\/www.termatect.com\/en\/tesisimiz\/\">Our facility<\/a><\/li>\n<li id=\"menu-item-3452\" class=\"menu-item menu-item-type-post_type menu-item-object-page menu-item-3452\"><a href=\"http:\/\/www.termatect.com\/en\/insan-kaynaklari\/\">Human Resources<\/a><\/li>\n<li id=\"menu-item-3451\" class=\"menu-item menu-item-type-post_type menu-item-object-page menu-item-3451\"><a href=\"http:\/\/www.termatect.com\/en\/ar-ge-kalite-kontrol\/\">R &amp; D &amp; Quality Control<\/a><\/li>\n<li id=\"menu-item-3450\" class=\"menu-item menu-item-type-post_type menu-item-object-page menu-item-3450\"><a href=\"http:\/\/www.termatect.com\/en\/musteri-memnuniyeti\/\">Customer Happiness<\/a><\/li>\n<li id=\"menu-item-3449\" class=\"menu-item menu-item-type-post_type menu-item-object-page menu-item-3449\"><a href=\"http:\/\/www.termatect.com\/en\/kisisel-verilerin-korunmasi\/\">Protection of Personal Data<\/a><\/li>\n<\/ul><\/div><\/div><\/div><div class=\"vc_btn3-container vc_btn3-left\" ><a class=\"vc_general vc_btn3 vc_btn3-size-lg vc_btn3-shape-rounded vc_btn3-style-flat vc_btn3-block vc_btn3-icon-left vc_btn3-color-theme_style_1\" href=\"http:\/\/www.termatect.com\/wp-content\/uploads\/2019\/01\/termatectgenelkatalog2019.pdf\" title=\"\" target=\"_blank\"><i class=\"vc_btn3-icon fas fa-file-pdf\"><\/i> 2020 Termatect Catalog<\/a><\/div><\/div><\/div><\/div><\/div><div class=\"vc_row wpb_row vc_row-fluid third_bg_color vc_custom_1452056597103\"><div class=\"wpb_column vc_column_container vc_col-sm-12\"><div class=\"vc_column-inner vc_custom_1452056633692\"><div class=\"wpb_wrapper\"><div class=\"vc_custom_heading vc_custom_1542441801336 text_align_left\" ><div style=\"font-size: 16px;color: #ffffff;text-align: left;font-family:Poppins;font-weight:600;font-style:normal\" >Contact...<\/div><\/div>\n\t<div class=\"wpb_text_column wpb_content_element  vc_custom_1538479738853\" >\n\t\t<div class=\"wpb_wrapper\">\n\t\t\t<p><span style=\"font-size: 13px; line-height: 22px; color: #222222;\"><span style=\"color: #ffffff;\">For more information about our company, you can contact us.<\/span><br \/>\n<\/span><\/p>\n\n\t\t<\/div>\n\t<\/div>\n<div class=\"vc_btn3-container vc_btn3-inline\" ><a class=\"vc_general vc_btn3 vc_btn3-size-sm vc_btn3-shape-rounded vc_btn3-style-flat vc_btn3-icon-left vc_btn3-color-white\" href=\"http:\/\/www.termatect.com\/index.php\/iletisim\/\" title=\"\" target=\"_blank\"><i class=\"vc_btn3-icon fa fa-phone-square\"><\/i> Contact<\/a><\/div><\/div><\/div><\/div><\/div><div class=\"vc_row wpb_row vc_row-fluid\"><div class=\"wpb_column vc_column_container vc_col-sm-12\"><div class=\"vc_column-inner\"><div class=\"wpb_wrapper\">\n\n\t\t\t<div class=\"stm_testimonials cols_1 style_1\">\n\t\t\t\t\t\t\t<div class=\"item\">\n\t\t\t\t\t<div class=\"testimonial\"><p>\u201c We will continue to seek superior quality and superior service with the power we receive from you. \u201d<\/p>\n<\/div>\n\t\t\t\t\t<div class=\"testimonial-info clearfix\">\n\t\t\t\t\t\t<div class=\"testimonial-image\"><img loading=\"lazy\" decoding=\"async\" width=\"50\" height=\"50\" src=\"https:\/\/i0.wp.com\/www.termatect.com\/wp-content\/uploads\/2018\/11\/%C4%B0con.png?resize=50%2C50&amp;ssl=1\" class=\"attachment-consulting-image-50x50-croped size-consulting-image-50x50-croped wp-post-image\" alt=\"\" \/><\/div>\n\t\t\t\t\t\t<div class=\"testimonial-text\">\n\t\t\t\t\t\t\t<div class=\"name\">Terma Construction Chemicals<\/div>\n\t\t\t\t\t\t\t<div class=\"company\">\n\t\t\t\t\t\t\t\tSan. Tic. Ltd. \u015eti.\t\t\t\t\t\t\t<\/div>\n\t\t\t\t\t\t<\/div>\n\t\t\t\t\t<\/div>\n\t\t\t\t<\/div>\n\t\t\t\t\t<\/div>\n\t\n<\/div><\/div><\/div><\/div>\n<\/div><\/div><\/div><\/div><\/div><div data-vc-full-width=\"true\" data-vc-full-width-init=\"false\" class=\"vc_row wpb_row vc_row-fluid third_bg_color vc_custom_1459505959648\"><div class=\"wpb_column vc_column_container vc_col-sm-12\"><div class=\"vc_column-inner\"><div class=\"wpb_wrapper\">\n\n<section class=\"vc_cta3-container\" >\n    <div class=\"vc_general vc_cta3 third_bg_color vc_cta3-style-flat vc_cta3-shape-square vc_cta3-align-left vc_cta3-color-classic vc_cta3-icon-size-md vc_cta3-actions-right vc_custom_1542441360922\">\n                        <div class=\"vc_cta3_content-container\">\n                                    <div class=\"vc_cta3-content\">\n                <header class=\"vc_cta3-content-header\">\n                    <div class=\"vc_custom_heading\" ><h2 style=\"font-size: 20px;color: #ffffff;line-height: 24px\" >Do you want to get detailed information about our products?<\/h2><\/div>                                    <\/header>\n                            <\/div>\n                        <div class=\"vc_cta3-actions\"><div class=\"vc_btn3-container vc_btn3-right\" ><a class=\"vc_general vc_btn3 vc_btn3-size-md vc_btn3-shape-rounded vc_btn3-style-flat vc_btn3-icon-right vc_btn3-color-theme_style_2\" href=\"http:\/\/www.termatect.com\/index.php\/urunlerimiz\/\" title=\"\" target=\"_blank\">Click Here <i class=\"vc_btn3-icon fa fa-chevron-right\"><\/i><\/a><\/div><\/div>        <\/div>\n                    <\/div>\n<\/section>\n\n<\/div><\/div><\/div><\/div><div class=\"vc_row-full-width vc_clearfix\"><\/div>","protected":false},"excerpt":{"rendered":"","protected":false},"author":1,"featured_media":0,"parent":0,"menu_order":0,"comment_status":"closed","ping_status":"closed","template":"","meta":{"_monsterinsights_skip_tracking":false,"_monsterinsights_sitenote_active":false,"_monsterinsights_sitenote_note":"","_monsterinsights_sitenote_category":0,"advanced_seo_description":"","jetpack_seo_html_title":"","jetpack_seo_noindex":false,"footnotes":""},"class_list":["post-3377","page","type-page","status-publish","hentry"],"jetpack_sharing_enabled":true,"_links":{"self":[{"href":"http:\/\/www.termatect.com\/en\/wp-json\/wp\/v2\/pages\/3377","targetHints":{"allow":["GET"]}}],"collection":[{"href":"http:\/\/www.termatect.com\/en\/wp-json\/wp\/v2\/pages"}],"about":[{"href":"http:\/\/www.termatect.com\/en\/wp-json\/wp\/v2\/types\/page"}],"author":[{"embeddable":true,"href":"http:\/\/www.termatect.com\/en\/wp-json\/wp\/v2\/users\/1"}],"replies":[{"embeddable":true,"href":"http:\/\/www.termatect.com\/en\/wp-json\/wp\/v2\/comments?post=3377"}],"version-history":[{"count":5,"href":"http:\/\/www.termatect.com\/en\/wp-json\/wp\/v2\/pages\/3377\/revisions"}],"predecessor-version":[{"id":4699,"href":"http:\/\/www.termatect.com\/en\/wp-json\/wp\/v2\/pages\/3377\/revisions\/4699"}],"wp:attachment":[{"href":"http:\/\/www.termatect.com\/en\/wp-json\/wp\/v2\/media?parent=3377"}],"curies":[{"name":"wp","href":"https:\/\/api.w.org\/{rel}","templated":true}]}}